{"id":103,"date":"2024-02-27T02:52:16","date_gmt":"2024-02-27T01:52:16","guid":{"rendered":"https:\/\/www.studiovildnis.com\/?page_id=103"},"modified":"2026-01-16T12:27:48","modified_gmt":"2026-01-16T11:27:48","slug":"lad-naturen-vaere-din-medskaber","status":"publish","type":"page","link":"https:\/\/www.studiovildnis.com\/index.php\/lad-naturen-vaere-din-medskaber\/","title":{"rendered":"Refugium i naturen \u2013 fordybelse, sanselighed og inspiration"},"content":{"rendered":"\n<div style=\"aspect-ratio:16\/9;min-height:unset;\" class=\"wp-block-cover alignfull is-light has-custom-content-position is-position-top-center has-aspect-ratio\"><img loading=\"lazy\" decoding=\"async\" width=\"1920\" height=\"1080\" class=\"wp-block-cover__image-background wp-image-232\" alt=\"\" src=\"https:\/\/www.studiovildnis.com\/wp-content\/uploads\/2024\/02\/vildnis-naturen-som-medskaber.jpg\" data-object-fit=\"cover\" srcset=\"https:\/\/www.studiovildnis.com\/wp-content\/uploads\/2024\/02\/vildnis-naturen-som-medskaber.jpg 1920w, https:\/\/www.studiovildnis.com\/wp-content\/uploads\/2024\/02\/vildnis-naturen-som-medskaber-300x169.jpg 300w, https:\/\/www.studiovildnis.com\/wp-content\/uploads\/2024\/02\/vildnis-naturen-som-medskaber-1024x576.jpg 1024w, https:\/\/www.studiovildnis.com\/wp-content\/uploads\/2024\/02\/vildnis-naturen-som-medskaber-768x432.jpg 768w, https:\/\/www.studiovildnis.com\/wp-content\/uploads\/2024\/02\/vildnis-naturen-som-medskaber-1536x864.jpg 1536w\" sizes=\"auto, (max-width: 1920px) 100vw, 1920px\" \/><span aria-hidden=\"true\" class=\"wp-block-cover__background has-background-dim\"><\/span><div class=\"wp-block-cover__inner-container has-global-padding is-layout-constrained wp-block-cover-is-layout-constrained\">\n<h2 class=\"wp-block-heading has-text-align-center has-base-2-color has-text-color has-link-color has-x-large-font-size wp-elements-84a56c1ea321d8ac749be812f22d4cfe\"><em><strong>Refugium i naturen<\/strong><\/em><br><br><em><strong>Fordybelse, sanselighed og inspiration<\/strong><\/em><\/h2>\n<\/div><\/div>\n\n\n\n<div class=\"wp-block-group alignfull has-global-padding is-layout-constrained wp-container-core-group-is-layout-490fa1db wp-block-group-is-layout-constrained\" style=\"padding-top:var(--wp--preset--spacing--50);padding-right:var(--wp--preset--spacing--50);padding-bottom:var(--wp--preset--spacing--50);padding-left:var(--wp--preset--spacing--50)\">\n<h3 class=\"wp-block-heading\"><strong>Lad naturen v\u00e6re din medskaber!<\/strong><\/h3>\n\n\n\n<p>Studio Vildnis er et refugium i naturen, skabt som et sted for mennesker, der arbejder kreativt og s\u00f8ger ro, n\u00e6rv\u00e6r og inspirerende omgivelser. Her er rammerne t\u00e6nkt som en helhedsoplevelse. Natur, stilhed og opm\u00e6rksomhed underst\u00f8tter den kreative proces \u2013 uanset om du arbejder med musik, tekst eller andre kunstneriske udtryk.<\/p>\n\n\n\n<p>Omgivelserne omkring studiet indbyder til langsomhed og opm\u00e6rksomhed. Lydene fra naturen \u2013 fugle, vind, stilhed og bev\u00e6gelse \u2013 bliver en del af oplevelsen og kan b\u00e5de fungere som direkte lydkilde og som sanselig inspiration.<\/p>\n\n\n\n<figure class=\"wp-block-image size-large is-style-rounded is-style-rounded--1\"><img loading=\"lazy\" decoding=\"async\" width=\"1024\" height=\"576\" src=\"https:\/\/www.studiovildnis.com\/wp-content\/uploads\/2026\/01\/Vitani-Live-i-Studio-Vildnis_5.png-1024x576.jpg\" alt=\"Vitani trommeslager live session i Studio Vildnis\" class=\"wp-image-421\" srcset=\"https:\/\/www.studiovildnis.com\/wp-content\/uploads\/2026\/01\/Vitani-Live-i-Studio-Vildnis_5.png-1024x576.jpg 1024w, https:\/\/www.studiovildnis.com\/wp-content\/uploads\/2026\/01\/Vitani-Live-i-Studio-Vildnis_5.png-300x169.jpg 300w, https:\/\/www.studiovildnis.com\/wp-content\/uploads\/2026\/01\/Vitani-Live-i-Studio-Vildnis_5.png-768x432.jpg 768w, https:\/\/www.studiovildnis.com\/wp-content\/uploads\/2026\/01\/Vitani-Live-i-Studio-Vildnis_5.png-1536x864.jpg 1536w, https:\/\/www.studiovildnis.com\/wp-content\/uploads\/2026\/01\/Vitani-Live-i-Studio-Vildnis_5.png-2048x1152.jpg 2048w\" sizes=\"auto, (max-width: 1024px) 100vw, 1024px\" \/><\/figure>\n\n\n\n<h3 class=\"wp-block-heading\"><strong>Et sted til langsomhed og n\u00e6rv\u00e6r<\/strong><\/h3>\n\n\n\n<p>Studio Vildnis er tilt\u00e6nkt som et sted, hvor tempoet s\u00e6nkes, og sanserne f\u00e5r plads. Omgivelserne indbyder til refleksion, koncentration og fordybelse. Vi er overbeviste om, at naturens tilstedev\u00e6relse skaber ro i nervesystemet og underst\u00f8tter en mere opm\u00e6rksom og sanselig m\u00e5de at v\u00e6re i verden p\u00e5.<\/p>\n\n\n\n<p>Her kan du skrive, t\u00e6nke, skitsere og udvikle id\u00e9er i et milj\u00f8, hvor lys, stilhed og landskabet er med til at forme processen.<\/p>\n\n\n\n<h3 class=\"wp-block-heading\"><strong>Lad naturen blive en del af musikken<\/strong><\/h3>\n\n\n\n<p>Naturens soundtrack er altid til stede. N\u00e5r aftenen falder p\u00e5, kan du h\u00f8re uglen i n\u00e6rheden, og i dagtimerne fyldes omgivelserne af fuglesang og naturens summen. Naturens lyd beh\u00f8ver ikke blot at v\u00e6re baggrund \u2013 den kan integreres direkte i dine id\u00e9er, optagelser eller live-sessions og give din musik en autentisk og organisk dimension.<\/p>\n\n\n\n<p>Vi \u00f8nsker at facilitere et kreativt helle. Naturens tilstedev\u00e6relse, dufte, farver og liv p\u00e5virker m\u00e5den, hvorp\u00e5 du lytter og arbejder. Vi tror p\u00e5, at intuitionen sk\u00e6rpes, n\u00e5r sanserne \u00e5bnes.<\/p>\n\n\n\n<p>Studioet egner sig til fokuserede indspilninger, sangskrivning, eksperimenterende arbejde, jam og skriveprocesser.<\/p>\n\n\n\n<div style=\"height:40px\" aria-hidden=\"true\" class=\"wp-block-spacer\"><\/div>\n\n\n\n<figure class=\"wp-block-image aligncenter size-thumbnail\" style=\"margin-top:0;margin-right:0;margin-bottom:0;margin-left:0\"><a href=\"https:\/\/brorjord.dk\/\"><img loading=\"lazy\" decoding=\"async\" width=\"150\" height=\"150\" src=\"https:\/\/www.studiovildnis.com\/wp-content\/uploads\/2025\/01\/bror-jord-logo-small-transp-1-1-150x150.png\" alt=\"brorjord logo\" class=\"wp-image-380\" srcset=\"https:\/\/www.studiovildnis.com\/wp-content\/uploads\/2025\/01\/bror-jord-logo-small-transp-1-1-150x150.png 150w, https:\/\/www.studiovildnis.com\/wp-content\/uploads\/2025\/01\/bror-jord-logo-small-transp-1-1.png 270w\" sizes=\"auto, (max-width: 150px) 100vw, 150px\" \/><\/a><\/figure>\n\n\n\n<p><a href=\"http:\/\/www.brorjord.dk\/brorjords-have\" data-type=\"link\" data-id=\"www.brorjord.dk\">Se mere her<\/a> for info om havens planter og den store bes\u00f8gshave.<\/p>\n\n\n\n<figure class=\"wp-block-image alignwide size-large is-style-rounded is-style-rounded--2\"><img loading=\"lazy\" decoding=\"async\" width=\"1024\" height=\"576\" src=\"https:\/\/www.studiovildnis.com\/wp-content\/uploads\/2026\/01\/opah-screen-1024x576.jpg\" alt=\"Akustisk musik og roser ved Studio Vildnis\" class=\"wp-image-414\" srcset=\"https:\/\/www.studiovildnis.com\/wp-content\/uploads\/2026\/01\/opah-screen-1024x576.jpg 1024w, https:\/\/www.studiovildnis.com\/wp-content\/uploads\/2026\/01\/opah-screen-300x169.jpg 300w, https:\/\/www.studiovildnis.com\/wp-content\/uploads\/2026\/01\/opah-screen-768x432.jpg 768w, https:\/\/www.studiovildnis.com\/wp-content\/uploads\/2026\/01\/opah-screen.jpg 1310w\" sizes=\"auto, (max-width: 1024px) 100vw, 1024px\" \/><\/figure>\n<\/div>\n\n\n\n<div class=\"wp-block-group alignfull has-base-color has-contrast-background-color has-text-color has-background has-global-padding is-layout-constrained wp-container-core-group-is-layout-ef3d885c wp-block-group-is-layout-constrained\" style=\"margin-top:0;margin-bottom:0;padding-top:var(--wp--preset--spacing--60);padding-right:var(--wp--preset--spacing--60);padding-bottom:var(--wp--preset--spacing--60);padding-left:var(--wp--preset--spacing--60)\">\n<div class=\"wp-block-group has-global-padding is-layout-constrained wp-block-group-is-layout-constrained\">\n<figure class=\"wp-block-embed is-type-video is-provider-youtube wp-block-embed-youtube wp-embed-aspect-16-9 wp-has-aspect-ratio\"><div class=\"wp-block-embed__wrapper\">\n<iframe loading=\"lazy\" title=\"Lukas Vanggaard - &quot;Ingen siger det som Morrissey&quot;\" width=\"500\" height=\"281\" src=\"https:\/\/www.youtube.com\/embed\/8UQ9-ZwPhGc?feature=oembed\" frameborder=\"0\" allow=\"accelerometer; autoplay; clipboard-write; encrypted-media; gyroscope; picture-in-picture; web-share\" referrerpolicy=\"strict-origin-when-cross-origin\" allowfullscreen><\/iframe>\n<\/div><\/figure>\n\n\n\n<div style=\"height:var(--wp--preset--spacing--10)\" aria-hidden=\"true\" class=\"wp-block-spacer\"><\/div>\n<\/div>\n<\/div>\n\n\n\n<div class=\"wp-block-group alignfull has-global-padding is-layout-constrained wp-container-core-group-is-layout-d89aad35 wp-block-group-is-layout-constrained\" style=\"margin-top:0;margin-bottom:0;padding-top:var(--wp--preset--spacing--50);padding-right:var(--wp--preset--spacing--50);padding-bottom:var(--wp--preset--spacing--50);padding-left:var(--wp--preset--spacing--50)\">\n<div class=\"wp-block-group alignwide has-base-2-background-color has-background has-global-padding is-layout-constrained wp-container-core-group-is-layout-39412042 wp-block-group-is-layout-constrained\" style=\"border-radius:16px;padding-top:var(--wp--preset--spacing--40);padding-right:var(--wp--preset--spacing--50);padding-bottom:var(--wp--preset--spacing--40);padding-left:var(--wp--preset--spacing--50)\">\n<div style=\"height:var(--wp--preset--spacing--10)\" aria-hidden=\"true\" class=\"wp-block-spacer\"><\/div>\n\n\n\n<h2 class=\"wp-block-heading has-text-align-center has-x-large-font-size\">Kontakt os for at h\u00f8re mere<\/h2>\n\n\n\n<p class=\"has-text-align-center\">Vi er klar til at svare p\u00e5 dine sp\u00f8rgsm\u00e5l.<\/p>\n\n\n<style id=\"wpforms-css-vars-root\">\n\t\t\t\t:root {\n\t\t\t\t\t--wpforms-field-border-radius: 3px;\n--wpforms-field-background-color: #ffffff;\n--wpforms-field-border-color: rgba( 0, 0, 0, 0.25 );\n--wpforms-field-text-color: rgba( 0, 0, 0, 0.7 );\n--wpforms-label-color: rgba( 0, 0, 0, 0.85 );\n--wpforms-label-sublabel-color: rgba( 0, 0, 0, 0.55 );\n--wpforms-label-error-color: #d63637;\n--wpforms-button-border-radius: 3px;\n--wpforms-button-background-color: #066aab;\n--wpforms-button-text-color: #ffffff;\n--wpforms-field-size-input-height: 43px;\n--wpforms-field-size-input-spacing: 15px;\n--wpforms-field-size-font-size: 16px;\n--wpforms-field-size-line-height: 19px;\n--wpforms-field-size-padding-h: 14px;\n--wpforms-field-size-checkbox-size: 16px;\n--wpforms-field-size-sublabel-spacing: 5px;\n--wpforms-field-size-icon-size: 1;\n--wpforms-label-size-font-size: 16px;\n--wpforms-label-size-line-height: 19px;\n--wpforms-label-size-sublabel-font-size: 14px;\n--wpforms-label-size-sublabel-line-height: 17px;\n--wpforms-button-size-font-size: 17px;\n--wpforms-button-size-height: 41px;\n--wpforms-button-size-padding-h: 15px;\n--wpforms-button-size-margin-top: 10px;\n\n\t\t\t\t}\n\t\t\t<\/style><style id=\"wpforms-css-vars-197-block-eb230b20-526a-42f9-99ab-d065f36d5e0b\">\n\t\t\t\t#wpforms-197.wpforms-block-eb230b20-526a-42f9-99ab-d065f36d5e0b {\n\t\t\t\t\t--wpforms-button-background-color: #111111;\n--wpforms-button-size-font-size: 20px;\n--wpforms-button-size-height: 48px;\n--wpforms-button-size-padding-h: 20px;\n--wpforms-button-size-margin-top: 15px;\n\n\t\t\t\t}\n\t\t\t<\/style><div class=\"wpforms-container wpforms-container-full wpforms-block wpforms-block-eb230b20-526a-42f9-99ab-d065f36d5e0b wpforms-render-modern\" id=\"wpforms-197\"><form id=\"wpforms-form-197\" class=\"wpforms-validate wpforms-form wpforms-ajax-form\" data-formid=\"197\" method=\"post\" enctype=\"multipart\/form-data\" action=\"\/index.php\/wp-json\/wp\/v2\/pages\/103\" data-token=\"8f25e9ba2fbb1a6d480dce7fc39c6c6b\"><noscript class=\"wpforms-error-noscript\">Please enable JavaScript in your browser to complete this form.<\/noscript><div class=\"wpforms-hidden\" id=\"wpforms-error-noscript\">Please enable JavaScript in your browser to complete this form.<\/div><div class=\"wpforms-field-container\"><div id=\"wpforms-197-field_0-container\" class=\"wpforms-field wpforms-field-name\" data-field-id=\"0\"><label class=\"wpforms-field-label\" for=\"wpforms-197-field_0\">Navn <span class=\"wpforms-required-label\" aria-hidden=\"true\">*<\/span><\/label><input type=\"text\" id=\"wpforms-197-field_0\" class=\"wpforms-field-medium wpforms-field-required\" name=\"wpforms[fields][0]\" aria-errormessage=\"wpforms-197-field_0-error\" required><\/div><div id=\"wpforms-197-field_1-container\" class=\"wpforms-field wpforms-field-email\" data-field-id=\"1\"><label class=\"wpforms-field-label\" for=\"wpforms-197-field_1\">Email <span class=\"wpforms-required-label\" aria-hidden=\"true\">*<\/span><\/label><input type=\"email\" id=\"wpforms-197-field_1\" class=\"wpforms-field-medium wpforms-field-required\" name=\"wpforms[fields][1]\" spellcheck=\"false\" aria-errormessage=\"wpforms-197-field_1-error\" required><\/div><div id=\"wpforms-197-field_2-container\" class=\"wpforms-field wpforms-field-textarea\" data-field-id=\"2\"><label class=\"wpforms-field-label\" for=\"wpforms-197-field_2\">Besked<\/label><textarea id=\"wpforms-197-field_2\" class=\"wpforms-field-medium\" name=\"wpforms[fields][2]\" aria-errormessage=\"wpforms-197-field_2-error\" ><\/textarea><\/div><\/div><!-- .wpforms-field-container --><div class=\"wpforms-submit-container\" ><input type=\"hidden\" name=\"wpforms[id]\" value=\"197\"><input type=\"hidden\" name=\"wpforms[author]\" value=\"1\"><button type=\"submit\" name=\"wpforms[submit]\" id=\"wpforms-submit-197\" class=\"wpforms-submit\" data-alt-text=\"Sender...\" data-submit-text=\"Send\" aria-live=\"assertive\" value=\"wpforms-submit\">Send<\/button><img loading=\"lazy\" decoding=\"async\" src=\"https:\/\/www.studiovildnis.com\/wp-content\/plugins\/wpforms-lite\/assets\/images\/submit-spin.svg\" class=\"wpforms-submit-spinner\" style=\"display: none;\" width=\"26\" height=\"26\" alt=\"Loading\"><\/div><\/form><\/div>  <!-- .wpforms-container -->\n\n\n<div style=\"height:var(--wp--preset--spacing--10)\" aria-hidden=\"true\" class=\"wp-block-spacer\"><\/div>\n<\/div>\n<\/div>\n","protected":false},"excerpt":{"rendered":"<p>Lad naturen v\u00e6re din medskaber! Studio Vildnis er et refugium i naturen, skabt som et sted for mennesker, der arbejder kreativt og s\u00f8ger ro, n\u00e6rv\u00e6r og inspirerende omgivelser. Her er rammerne t\u00e6nkt som en helhedsoplevelse. Natur, stilhed og opm\u00e6rksomhed underst\u00f8tter den kreative proces \u2013 uanset om du arbejder med musik, tekst eller andre kunstneriske udtryk. [&hellip;]<\/p>\n","protected":false},"author":1,"featured_media":444,"parent":0,"menu_order":0,"comment_status":"closed","ping_status":"closed","template":"page-no-title","meta":{"footnotes":""},"class_list":["post-103","page","type-page","status-publish","has-post-thumbnail","hentry"],"yoast_head":"<!-- This site is optimized with the Yoast SEO plugin v26.7 - https:\/\/yoast.com\/wordpress\/plugins\/seo\/ -->\n<title>Refugium i naturen \u2013 fordybelse, sanselighed og inspiration - Studio Vildnis<\/title>\n<meta name=\"description\" content=\"Studio Vildnis er et refugium i naturen for musikere og kunstnere, der s\u00f8ger ro, fordybelse og sanselig inspiration i natursk\u00f8nne omgivelser.\" \/>\n<meta name=\"robots\" content=\"index, follow, max-snippet:-1, max-image-preview:large, max-video-preview:-1\" \/>\n<link rel=\"canonical\" href=\"https:\/\/www.studiovildnis.com\/index.php\/lad-naturen-vaere-din-medskaber\/\" \/>\n<meta property=\"og:locale\" content=\"da_DK\" \/>\n<meta property=\"og:type\" content=\"article\" \/>\n<meta property=\"og:title\" content=\"Refugium i naturen \u2013 fordybelse, sanselighed og inspiration - Studio Vildnis\" \/>\n<meta property=\"og:description\" content=\"Studio Vildnis er et refugium i naturen for musikere og kunstnere, der s\u00f8ger ro, fordybelse og sanselig inspiration i natursk\u00f8nne omgivelser.\" \/>\n<meta property=\"og:url\" content=\"https:\/\/www.studiovildnis.com\/index.php\/lad-naturen-vaere-din-medskaber\/\" \/>\n<meta property=\"og:site_name\" content=\"Studio Vildnis\" \/>\n<meta property=\"article:modified_time\" content=\"2026-01-16T11:27:48+00:00\" \/>\n<meta property=\"og:image\" content=\"https:\/\/www.studiovildnis.com\/wp-content\/uploads\/2026\/01\/vildnis-aften-edited-1.jpg\" \/>\n\t<meta property=\"og:image:width\" content=\"1062\" \/>\n\t<meta property=\"og:image:height\" content=\"708\" \/>\n\t<meta property=\"og:image:type\" content=\"image\/jpeg\" \/>\n<meta name=\"twitter:card\" content=\"summary_large_image\" \/>\n<meta name=\"twitter:label1\" content=\"Estimeret l\u00e6setid\" \/>\n\t<meta name=\"twitter:data1\" content=\"3 minutter\" \/>\n<script type=\"application\/ld+json\" class=\"yoast-schema-graph\">{\"@context\":\"https:\/\/schema.org\",\"@graph\":[{\"@type\":\"WebPage\",\"@id\":\"https:\/\/www.studiovildnis.com\/index.php\/lad-naturen-vaere-din-medskaber\/\",\"url\":\"https:\/\/www.studiovildnis.com\/index.php\/lad-naturen-vaere-din-medskaber\/\",\"name\":\"Refugium i naturen \u2013 fordybelse, sanselighed og inspiration - Studio Vildnis\",\"isPartOf\":{\"@id\":\"https:\/\/www.studiovildnis.com\/#website\"},\"primaryImageOfPage\":{\"@id\":\"https:\/\/www.studiovildnis.com\/index.php\/lad-naturen-vaere-din-medskaber\/#primaryimage\"},\"image\":{\"@id\":\"https:\/\/www.studiovildnis.com\/index.php\/lad-naturen-vaere-din-medskaber\/#primaryimage\"},\"thumbnailUrl\":\"https:\/\/www.studiovildnis.com\/wp-content\/uploads\/2026\/01\/vildnis-aften-edited-1.jpg\",\"datePublished\":\"2024-02-27T01:52:16+00:00\",\"dateModified\":\"2026-01-16T11:27:48+00:00\",\"description\":\"Studio Vildnis er et refugium i naturen for musikere og kunstnere, der s\u00f8ger ro, fordybelse og sanselig inspiration i natursk\u00f8nne omgivelser.\",\"breadcrumb\":{\"@id\":\"https:\/\/www.studiovildnis.com\/index.php\/lad-naturen-vaere-din-medskaber\/#breadcrumb\"},\"inLanguage\":\"da-DK\",\"potentialAction\":[{\"@type\":\"ReadAction\",\"target\":[\"https:\/\/www.studiovildnis.com\/index.php\/lad-naturen-vaere-din-medskaber\/\"]}]},{\"@type\":\"ImageObject\",\"inLanguage\":\"da-DK\",\"@id\":\"https:\/\/www.studiovildnis.com\/index.php\/lad-naturen-vaere-din-medskaber\/#primaryimage\",\"url\":\"https:\/\/www.studiovildnis.com\/wp-content\/uploads\/2026\/01\/vildnis-aften-edited-1.jpg\",\"contentUrl\":\"https:\/\/www.studiovildnis.com\/wp-content\/uploads\/2026\/01\/vildnis-aften-edited-1.jpg\",\"width\":1062,\"height\":708,\"caption\":\"Studio Vildnis p\u00e5 en sommerdag\"},{\"@type\":\"BreadcrumbList\",\"@id\":\"https:\/\/www.studiovildnis.com\/index.php\/lad-naturen-vaere-din-medskaber\/#breadcrumb\",\"itemListElement\":[{\"@type\":\"ListItem\",\"position\":1,\"name\":\"Hjem\",\"item\":\"https:\/\/www.studiovildnis.com\/\"},{\"@type\":\"ListItem\",\"position\":2,\"name\":\"Refugium i naturen \u2013 fordybelse, sanselighed og inspiration\"}]},{\"@type\":\"WebSite\",\"@id\":\"https:\/\/www.studiovildnis.com\/#website\",\"url\":\"https:\/\/www.studiovildnis.com\/\",\"name\":\"Studio Vildnis\",\"description\":\"\",\"publisher\":{\"@id\":\"https:\/\/www.studiovildnis.com\/#organization\"},\"potentialAction\":[{\"@type\":\"SearchAction\",\"target\":{\"@type\":\"EntryPoint\",\"urlTemplate\":\"https:\/\/www.studiovildnis.com\/?s={search_term_string}\"},\"query-input\":{\"@type\":\"PropertyValueSpecification\",\"valueRequired\":true,\"valueName\":\"search_term_string\"}}],\"inLanguage\":\"da-DK\"},{\"@type\":\"Organization\",\"@id\":\"https:\/\/www.studiovildnis.com\/#organization\",\"name\":\"Studio Vildnis\",\"url\":\"https:\/\/www.studiovildnis.com\/\",\"logo\":{\"@type\":\"ImageObject\",\"inLanguage\":\"da-DK\",\"@id\":\"https:\/\/www.studiovildnis.com\/#\/schema\/logo\/image\/\",\"url\":\"https:\/\/www.studiovildnis.com\/wp-content\/uploads\/2024\/02\/vildnis.png\",\"contentUrl\":\"https:\/\/www.studiovildnis.com\/wp-content\/uploads\/2024\/02\/vildnis.png\",\"width\":2340,\"height\":516,\"caption\":\"Studio Vildnis\"},\"image\":{\"@id\":\"https:\/\/www.studiovildnis.com\/#\/schema\/logo\/image\/\"}}]}<\/script>\n<!-- \/ Yoast SEO plugin. -->","yoast_head_json":{"title":"Refugium i naturen \u2013 fordybelse, sanselighed og inspiration - Studio Vildnis","description":"Studio Vildnis er et refugium i naturen for musikere og kunstnere, der s\u00f8ger ro, fordybelse og sanselig inspiration i natursk\u00f8nne omgivelser.","robots":{"index":"index","follow":"follow","max-snippet":"max-snippet:-1","max-image-preview":"max-image-preview:large","max-video-preview":"max-video-preview:-1"},"canonical":"https:\/\/www.studiovildnis.com\/index.php\/lad-naturen-vaere-din-medskaber\/","og_locale":"da_DK","og_type":"article","og_title":"Refugium i naturen \u2013 fordybelse, sanselighed og inspiration - Studio Vildnis","og_description":"Studio Vildnis er et refugium i naturen for musikere og kunstnere, der s\u00f8ger ro, fordybelse og sanselig inspiration i natursk\u00f8nne omgivelser.","og_url":"https:\/\/www.studiovildnis.com\/index.php\/lad-naturen-vaere-din-medskaber\/","og_site_name":"Studio Vildnis","article_modified_time":"2026-01-16T11:27:48+00:00","og_image":[{"width":1062,"height":708,"url":"https:\/\/www.studiovildnis.com\/wp-content\/uploads\/2026\/01\/vildnis-aften-edited-1.jpg","type":"image\/jpeg"}],"twitter_card":"summary_large_image","twitter_misc":{"Estimeret l\u00e6setid":"3 minutter"},"schema":{"@context":"https:\/\/schema.org","@graph":[{"@type":"WebPage","@id":"https:\/\/www.studiovildnis.com\/index.php\/lad-naturen-vaere-din-medskaber\/","url":"https:\/\/www.studiovildnis.com\/index.php\/lad-naturen-vaere-din-medskaber\/","name":"Refugium i naturen \u2013 fordybelse, sanselighed og inspiration - Studio Vildnis","isPartOf":{"@id":"https:\/\/www.studiovildnis.com\/#website"},"primaryImageOfPage":{"@id":"https:\/\/www.studiovildnis.com\/index.php\/lad-naturen-vaere-din-medskaber\/#primaryimage"},"image":{"@id":"https:\/\/www.studiovildnis.com\/index.php\/lad-naturen-vaere-din-medskaber\/#primaryimage"},"thumbnailUrl":"https:\/\/www.studiovildnis.com\/wp-content\/uploads\/2026\/01\/vildnis-aften-edited-1.jpg","datePublished":"2024-02-27T01:52:16+00:00","dateModified":"2026-01-16T11:27:48+00:00","description":"Studio Vildnis er et refugium i naturen for musikere og kunstnere, der s\u00f8ger ro, fordybelse og sanselig inspiration i natursk\u00f8nne omgivelser.","breadcrumb":{"@id":"https:\/\/www.studiovildnis.com\/index.php\/lad-naturen-vaere-din-medskaber\/#breadcrumb"},"inLanguage":"da-DK","potentialAction":[{"@type":"ReadAction","target":["https:\/\/www.studiovildnis.com\/index.php\/lad-naturen-vaere-din-medskaber\/"]}]},{"@type":"ImageObject","inLanguage":"da-DK","@id":"https:\/\/www.studiovildnis.com\/index.php\/lad-naturen-vaere-din-medskaber\/#primaryimage","url":"https:\/\/www.studiovildnis.com\/wp-content\/uploads\/2026\/01\/vildnis-aften-edited-1.jpg","contentUrl":"https:\/\/www.studiovildnis.com\/wp-content\/uploads\/2026\/01\/vildnis-aften-edited-1.jpg","width":1062,"height":708,"caption":"Studio Vildnis p\u00e5 en sommerdag"},{"@type":"BreadcrumbList","@id":"https:\/\/www.studiovildnis.com\/index.php\/lad-naturen-vaere-din-medskaber\/#breadcrumb","itemListElement":[{"@type":"ListItem","position":1,"name":"Hjem","item":"https:\/\/www.studiovildnis.com\/"},{"@type":"ListItem","position":2,"name":"Refugium i naturen \u2013 fordybelse, sanselighed og inspiration"}]},{"@type":"WebSite","@id":"https:\/\/www.studiovildnis.com\/#website","url":"https:\/\/www.studiovildnis.com\/","name":"Studio Vildnis","description":"","publisher":{"@id":"https:\/\/www.studiovildnis.com\/#organization"},"potentialAction":[{"@type":"SearchAction","target":{"@type":"EntryPoint","urlTemplate":"https:\/\/www.studiovildnis.com\/?s={search_term_string}"},"query-input":{"@type":"PropertyValueSpecification","valueRequired":true,"valueName":"search_term_string"}}],"inLanguage":"da-DK"},{"@type":"Organization","@id":"https:\/\/www.studiovildnis.com\/#organization","name":"Studio Vildnis","url":"https:\/\/www.studiovildnis.com\/","logo":{"@type":"ImageObject","inLanguage":"da-DK","@id":"https:\/\/www.studiovildnis.com\/#\/schema\/logo\/image\/","url":"https:\/\/www.studiovildnis.com\/wp-content\/uploads\/2024\/02\/vildnis.png","contentUrl":"https:\/\/www.studiovildnis.com\/wp-content\/uploads\/2024\/02\/vildnis.png","width":2340,"height":516,"caption":"Studio Vildnis"},"image":{"@id":"https:\/\/www.studiovildnis.com\/#\/schema\/logo\/image\/"}}]}},"_links":{"self":[{"href":"https:\/\/www.studiovildnis.com\/index.php\/wp-json\/wp\/v2\/pages\/103","targetHints":{"allow":["GET"]}}],"collection":[{"href":"https:\/\/www.studiovildnis.com\/index.php\/wp-json\/wp\/v2\/pages"}],"about":[{"href":"https:\/\/www.studiovildnis.com\/index.php\/wp-json\/wp\/v2\/types\/page"}],"author":[{"embeddable":true,"href":"https:\/\/www.studiovildnis.com\/index.php\/wp-json\/wp\/v2\/users\/1"}],"replies":[{"embeddable":true,"href":"https:\/\/www.studiovildnis.com\/index.php\/wp-json\/wp\/v2\/comments?post=103"}],"version-history":[{"count":25,"href":"https:\/\/www.studiovildnis.com\/index.php\/wp-json\/wp\/v2\/pages\/103\/revisions"}],"predecessor-version":[{"id":462,"href":"https:\/\/www.studiovildnis.com\/index.php\/wp-json\/wp\/v2\/pages\/103\/revisions\/462"}],"wp:featuredmedia":[{"embeddable":true,"href":"https:\/\/www.studiovildnis.com\/index.php\/wp-json\/wp\/v2\/media\/444"}],"wp:attachment":[{"href":"https:\/\/www.studiovildnis.com\/index.php\/wp-json\/wp\/v2\/media?parent=103"}],"curies":[{"name":"wp","href":"https:\/\/api.w.org\/{rel}","templated":true}]}}