{"id":145,"date":"2024-02-27T03:28:35","date_gmt":"2024-02-27T02:28:35","guid":{"rendered":"https:\/\/www.studiovildnis.com\/?page_id=145"},"modified":"2026-01-16T23:58:04","modified_gmt":"2026-01-16T22:58:04","slug":"live-video-og-sessions","status":"publish","type":"page","link":"https:\/\/www.studiovildnis.com\/index.php\/vi-tilbyder\/live-video-og-sessions\/","title":{"rendered":"Live Session"},"content":{"rendered":"\n<figure class=\"wp-block-video alignfull\"><video height=\"1080\" style=\"aspect-ratio: 1920 \/ 1080;\" width=\"1920\" autoplay loop muted src=\"https:\/\/www.studiovildnis.com\/wp-content\/uploads\/2026\/01\/sammenklip-sessions.mp4\" playsinline><\/video><\/figure>\n\n\n\n<div style=\"aspect-ratio:16\/9;min-height:unset;\" class=\"wp-block-cover alignfull has-aspect-ratio\"><img loading=\"lazy\" decoding=\"async\" width=\"1024\" height=\"576\" class=\"wp-block-cover__image-background wp-image-420 size-large\" alt=\"Vitani live session i Studio Vildnis\" src=\"https:\/\/www.studiovildnis.com\/wp-content\/uploads\/2026\/01\/Vitani-Live-i-Studio-Vildnis_3.png-1024x576.jpg\" data-object-fit=\"cover\" srcset=\"https:\/\/www.studiovildnis.com\/wp-content\/uploads\/2026\/01\/Vitani-Live-i-Studio-Vildnis_3.png-1024x576.jpg 1024w, https:\/\/www.studiovildnis.com\/wp-content\/uploads\/2026\/01\/Vitani-Live-i-Studio-Vildnis_3.png-300x169.jpg 300w, https:\/\/www.studiovildnis.com\/wp-content\/uploads\/2026\/01\/Vitani-Live-i-Studio-Vildnis_3.png-768x432.jpg 768w, https:\/\/www.studiovildnis.com\/wp-content\/uploads\/2026\/01\/Vitani-Live-i-Studio-Vildnis_3.png-1536x864.jpg 1536w, https:\/\/www.studiovildnis.com\/wp-content\/uploads\/2026\/01\/Vitani-Live-i-Studio-Vildnis_3.png-2048x1152.jpg 2048w\" sizes=\"auto, (max-width: 1024px) 100vw, 1024px\" \/><span aria-hidden=\"true\" class=\"wp-block-cover__background has-background-dim\" style=\"background-color:#8f6955\"><\/span><div class=\"wp-block-cover__inner-container has-global-padding is-layout-constrained wp-block-cover-is-layout-constrained\">\n<h2 class=\"wp-block-heading has-text-align-center has-base-2-color has-text-color has-link-color has-large-font-size wp-elements-de665aaea47876a99a71061958d5f74e\"><strong><em>Live Sessions &amp; Video<br><\/em><\/strong><br><em><strong>N\u00e5r musik &amp; mennesker m\u00f8des <\/strong><\/em><br><em><strong>i Vildnis <\/strong><br><strong>i \u00e9t s\u00e6rligt \u00f8jeblik<\/strong><\/em><\/h2>\n<\/div><\/div>\n\n\n\n<div class=\"wp-block-group alignfull has-base-2-background-color has-background has-global-padding is-layout-constrained wp-container-core-group-is-layout-669513ed wp-block-group-is-layout-constrained\" style=\"margin-top:0;margin-bottom:0;padding-top:var(--wp--preset--spacing--50);padding-right:var(--wp--preset--spacing--50);padding-bottom:var(--wp--preset--spacing--50);padding-left:var(--wp--preset--spacing--50)\">\n<p>Liverummet er hjertet i Studio Vildnis. Et rum, hvor akustikken, lyset og stemningen tilsammen skaber en s\u00e6rlig intensitet mellem musikerne. Her dyrkes forbindelser mellem de medvirkende og det kan m\u00e6rkes i det f\u00e6rdige udtryk.<\/p>\n\n\n\n<figure class=\"wp-block-image size-full is-style-rounded is-style-rounded--1\"><img loading=\"lazy\" decoding=\"async\" width=\"985\" height=\"528\" src=\"https:\/\/www.studiovildnis.com\/wp-content\/uploads\/2026\/01\/simone-screen.jpg\" alt=\"Simone Tang og S\u00f8ren Manscher live session i Studio Vildnis\" class=\"wp-image-419\" srcset=\"https:\/\/www.studiovildnis.com\/wp-content\/uploads\/2026\/01\/simone-screen.jpg 985w, https:\/\/www.studiovildnis.com\/wp-content\/uploads\/2026\/01\/simone-screen-300x161.jpg 300w, https:\/\/www.studiovildnis.com\/wp-content\/uploads\/2026\/01\/simone-screen-768x412.jpg 768w\" sizes=\"auto, (max-width: 985px) 100vw, 985px\" \/><\/figure>\n\n\n\n<p><strong>Live session i en naturlig og billedsk\u00f8n ramme<\/strong><\/p>\n\n\n\n<p>Hvert \u00e5r arrangerer vi koncerter og producerer en r\u00e6kke videoer, b\u00e5de med og uden publikum. Vi g\u00e5r altid efter at indfange et s\u00e6rligt \u00f8jeblik. En stemning. En tilstedev\u00e6relse.<\/p>\n\n\n\n<figure class=\"wp-block-image size-large is-style-rounded is-style-rounded--2\"><img loading=\"lazy\" decoding=\"async\" width=\"1024\" height=\"576\" src=\"https:\/\/www.studiovildnis.com\/wp-content\/uploads\/2026\/01\/DSCF3990-1-1024x576.jpg\" alt=\"Naturvin og intimkoncert i Studio Vildnis\" class=\"wp-image-412\" srcset=\"https:\/\/www.studiovildnis.com\/wp-content\/uploads\/2026\/01\/DSCF3990-1-1024x576.jpg 1024w, https:\/\/www.studiovildnis.com\/wp-content\/uploads\/2026\/01\/DSCF3990-1-300x169.jpg 300w, https:\/\/www.studiovildnis.com\/wp-content\/uploads\/2026\/01\/DSCF3990-1-768x432.jpg 768w, https:\/\/www.studiovildnis.com\/wp-content\/uploads\/2026\/01\/DSCF3990-1-1536x864.jpg 1536w, https:\/\/www.studiovildnis.com\/wp-content\/uploads\/2026\/01\/DSCF3990-1-2048x1152.jpg 2048w\" sizes=\"auto, (max-width: 1024px) 100vw, 1024px\" \/><\/figure>\n\n\n\n<p><strong>Naturen som medspiller<\/strong><\/p>\n\n\n\n<p>Studiet er omgivet af natur, som ogs\u00e5 kan indg\u00e5 som en del af den visuelle fort\u00e6lling. Vi eksperimenterer med at invitere naturen ind, lade lys og \u00e5rstidernes skiften v\u00e6re en betydningsfuld medspiller.<\/p>\n\n\n\n<figure class=\"wp-block-image size-large is-style-rounded is-style-rounded--3\"><img loading=\"lazy\" decoding=\"async\" width=\"1024\" height=\"576\" src=\"https:\/\/www.studiovildnis.com\/wp-content\/uploads\/2026\/01\/20250731_140115-1-1024x576.jpg\" alt=\"Hilal Kaya koncert foran Studio Vildnis\" class=\"wp-image-407\" srcset=\"https:\/\/www.studiovildnis.com\/wp-content\/uploads\/2026\/01\/20250731_140115-1-1024x576.jpg 1024w, https:\/\/www.studiovildnis.com\/wp-content\/uploads\/2026\/01\/20250731_140115-1-300x169.jpg 300w, https:\/\/www.studiovildnis.com\/wp-content\/uploads\/2026\/01\/20250731_140115-1-768x432.jpg 768w, https:\/\/www.studiovildnis.com\/wp-content\/uploads\/2026\/01\/20250731_140115-1-1536x864.jpg 1536w, https:\/\/www.studiovildnis.com\/wp-content\/uploads\/2026\/01\/20250731_140115-1-2048x1152.jpg 2048w\" sizes=\"auto, (max-width: 1024px) 100vw, 1024px\" \/><\/figure>\n\n\n\n<blockquote class=\"wp-block-quote is-layout-flow wp-block-quote-is-layout-flow\">\n<p class=\"has-text-align-center\">Hvis du er nysgerrig p\u00e5 mulighederne, er du velkommen til at tage kontakt for en uforpligtende samtale.<\/p>\n<\/blockquote>\n\n\n\n<div class=\"wp-block-group alignfull has-global-padding is-layout-constrained wp-container-core-group-is-layout-d89aad35 wp-block-group-is-layout-constrained\" style=\"margin-top:0;margin-bottom:0;padding-top:var(--wp--preset--spacing--50);padding-right:var(--wp--preset--spacing--50);padding-bottom:var(--wp--preset--spacing--50);padding-left:var(--wp--preset--spacing--50)\">\n<div class=\"wp-block-group alignwide has-base-2-background-color has-background has-global-padding is-layout-constrained wp-container-core-group-is-layout-39412042 wp-block-group-is-layout-constrained\" style=\"border-radius:16px;padding-top:var(--wp--preset--spacing--40);padding-right:var(--wp--preset--spacing--50);padding-bottom:var(--wp--preset--spacing--40);padding-left:var(--wp--preset--spacing--50)\">\n<div style=\"height:var(--wp--preset--spacing--10)\" aria-hidden=\"true\" class=\"wp-block-spacer\"><\/div>\n\n\n\n<h2 class=\"wp-block-heading has-text-align-center has-x-large-font-size\">Kontakt os for at h\u00f8re mere<\/h2>\n\n\n\n<p class=\"has-text-align-center\">Vi er klar til at svare p\u00e5 dine sp\u00f8rgsm\u00e5l.<\/p>\n\n\n<style id=\"wpforms-css-vars-root\">\n\t\t\t\t:root {\n\t\t\t\t\t--wpforms-field-border-radius: 3px;\n--wpforms-field-background-color: #ffffff;\n--wpforms-field-border-color: rgba( 0, 0, 0, 0.25 );\n--wpforms-field-text-color: rgba( 0, 0, 0, 0.7 );\n--wpforms-label-color: rgba( 0, 0, 0, 0.85 );\n--wpforms-label-sublabel-color: rgba( 0, 0, 0, 0.55 );\n--wpforms-label-error-color: #d63637;\n--wpforms-button-border-radius: 3px;\n--wpforms-button-background-color: #066aab;\n--wpforms-button-text-color: #ffffff;\n--wpforms-field-size-input-height: 43px;\n--wpforms-field-size-input-spacing: 15px;\n--wpforms-field-size-font-size: 16px;\n--wpforms-field-size-line-height: 19px;\n--wpforms-field-size-padding-h: 14px;\n--wpforms-field-size-checkbox-size: 16px;\n--wpforms-field-size-sublabel-spacing: 5px;\n--wpforms-field-size-icon-size: 1;\n--wpforms-label-size-font-size: 16px;\n--wpforms-label-size-line-height: 19px;\n--wpforms-label-size-sublabel-font-size: 14px;\n--wpforms-label-size-sublabel-line-height: 17px;\n--wpforms-button-size-font-size: 17px;\n--wpforms-button-size-height: 41px;\n--wpforms-button-size-padding-h: 15px;\n--wpforms-button-size-margin-top: 10px;\n\n\t\t\t\t}\n\t\t\t<\/style><style id=\"wpforms-css-vars-197-block-eb230b20-526a-42f9-99ab-d065f36d5e0b\">\n\t\t\t\t#wpforms-197.wpforms-block-eb230b20-526a-42f9-99ab-d065f36d5e0b {\n\t\t\t\t\t--wpforms-button-background-color: #111111;\n--wpforms-button-size-font-size: 20px;\n--wpforms-button-size-height: 48px;\n--wpforms-button-size-padding-h: 20px;\n--wpforms-button-size-margin-top: 15px;\n\n\t\t\t\t}\n\t\t\t<\/style><div class=\"wpforms-container wpforms-container-full wpforms-block wpforms-block-eb230b20-526a-42f9-99ab-d065f36d5e0b wpforms-render-modern\" id=\"wpforms-197\"><form id=\"wpforms-form-197\" class=\"wpforms-validate wpforms-form wpforms-ajax-form\" data-formid=\"197\" method=\"post\" enctype=\"multipart\/form-data\" action=\"\/index.php\/wp-json\/wp\/v2\/pages\/145\" data-token=\"54225db27957254b968ba0ca771f3bec\"><noscript class=\"wpforms-error-noscript\">Please enable JavaScript in your browser to complete this form.<\/noscript><div class=\"wpforms-hidden\" id=\"wpforms-error-noscript\">Please enable JavaScript in your browser to complete this form.<\/div><div class=\"wpforms-field-container\"><div id=\"wpforms-197-field_0-container\" class=\"wpforms-field wpforms-field-name\" data-field-id=\"0\"><label class=\"wpforms-field-label\" for=\"wpforms-197-field_0\">Navn <span class=\"wpforms-required-label\" aria-hidden=\"true\">*<\/span><\/label><input type=\"text\" id=\"wpforms-197-field_0\" class=\"wpforms-field-medium wpforms-field-required\" name=\"wpforms[fields][0]\" aria-errormessage=\"wpforms-197-field_0-error\" required><\/div><div id=\"wpforms-197-field_1-container\" class=\"wpforms-field wpforms-field-email\" data-field-id=\"1\"><label class=\"wpforms-field-label\" for=\"wpforms-197-field_1\">Email <span class=\"wpforms-required-label\" aria-hidden=\"true\">*<\/span><\/label><input type=\"email\" id=\"wpforms-197-field_1\" class=\"wpforms-field-medium wpforms-field-required\" name=\"wpforms[fields][1]\" spellcheck=\"false\" aria-errormessage=\"wpforms-197-field_1-error\" required><\/div><div id=\"wpforms-197-field_2-container\" class=\"wpforms-field wpforms-field-textarea\" data-field-id=\"2\"><label class=\"wpforms-field-label\" for=\"wpforms-197-field_2\">Besked<\/label><textarea id=\"wpforms-197-field_2\" class=\"wpforms-field-medium\" name=\"wpforms[fields][2]\" aria-errormessage=\"wpforms-197-field_2-error\" ><\/textarea><\/div><\/div><!-- .wpforms-field-container --><div class=\"wpforms-submit-container\" ><input type=\"hidden\" name=\"wpforms[id]\" value=\"197\"><input type=\"hidden\" name=\"wpforms[author]\" value=\"1\"><button type=\"submit\" name=\"wpforms[submit]\" id=\"wpforms-submit-197\" class=\"wpforms-submit\" data-alt-text=\"Sender...\" data-submit-text=\"Send\" aria-live=\"assertive\" value=\"wpforms-submit\">Send<\/button><img loading=\"lazy\" decoding=\"async\" src=\"https:\/\/www.studiovildnis.com\/wp-content\/plugins\/wpforms-lite\/assets\/images\/submit-spin.svg\" class=\"wpforms-submit-spinner\" style=\"display: none;\" width=\"26\" height=\"26\" alt=\"Loading\"><\/div><\/form><\/div>  <!-- .wpforms-container -->\n\n\n<div style=\"height:var(--wp--preset--spacing--10)\" aria-hidden=\"true\" class=\"wp-block-spacer\"><\/div>\n<\/div>\n<\/div>\n<\/div>\n","protected":false},"excerpt":{"rendered":"<p>Liverummet er hjertet i Studio Vildnis. Et rum, hvor akustikken, lyset og stemningen tilsammen skaber en s\u00e6rlig intensitet mellem musikerne. Her dyrkes forbindelser mellem de medvirkende og det kan m\u00e6rkes i det f\u00e6rdige udtryk. Live session i en naturlig og billedsk\u00f8n ramme Hvert \u00e5r arrangerer vi koncerter og producerer en r\u00e6kke videoer, b\u00e5de med og [&hellip;]<\/p>\n","protected":false},"author":1,"featured_media":440,"parent":143,"menu_order":0,"comment_status":"closed","ping_status":"closed","template":"page-no-title","meta":{"footnotes":""},"class_list":["post-145","page","type-page","status-publish","has-post-thumbnail","hentry"],"yoast_head":"<!-- This site is optimized with the Yoast SEO plugin v26.7 - https:\/\/yoast.com\/wordpress\/plugins\/seo\/ -->\n<title>Live Session - Studio Vildnis<\/title>\n<meta name=\"description\" content=\"P\u00e5 udkig efter en live session i stemningsfulde omgivelser? Vi producerer video sessions, hvor musik og mennesker m\u00f8des i et s\u00e6rligt \u00f8jeblik.\" \/>\n<meta name=\"robots\" content=\"index, follow, max-snippet:-1, max-image-preview:large, max-video-preview:-1\" \/>\n<link rel=\"canonical\" href=\"https:\/\/www.studiovildnis.com\/index.php\/vi-tilbyder\/live-video-og-sessions\/\" \/>\n<meta property=\"og:locale\" content=\"da_DK\" \/>\n<meta property=\"og:type\" content=\"article\" \/>\n<meta property=\"og:title\" content=\"Live Session - Studio Vildnis\" \/>\n<meta property=\"og:description\" content=\"P\u00e5 udkig efter en live session i stemningsfulde omgivelser? Vi producerer video sessions, hvor musik og mennesker m\u00f8des i et s\u00e6rligt \u00f8jeblik.\" \/>\n<meta property=\"og:url\" content=\"https:\/\/www.studiovildnis.com\/index.php\/vi-tilbyder\/live-video-og-sessions\/\" \/>\n<meta property=\"og:site_name\" content=\"Studio Vildnis\" \/>\n<meta property=\"article:modified_time\" content=\"2026-01-16T22:58:04+00:00\" \/>\n<meta property=\"og:image\" content=\"https:\/\/www.studiovildnis.com\/wp-content\/uploads\/2026\/01\/2-scaled.jpg\" \/>\n\t<meta property=\"og:image:width\" content=\"2560\" \/>\n\t<meta property=\"og:image:height\" content=\"1440\" \/>\n\t<meta property=\"og:image:type\" content=\"image\/jpeg\" \/>\n<meta name=\"twitter:card\" content=\"summary_large_image\" \/>\n<meta name=\"twitter:label1\" content=\"Estimeret l\u00e6setid\" \/>\n\t<meta name=\"twitter:data1\" content=\"4 minutter\" \/>\n<script type=\"application\/ld+json\" class=\"yoast-schema-graph\">{\"@context\":\"https:\/\/schema.org\",\"@graph\":[{\"@type\":\"WebPage\",\"@id\":\"https:\/\/www.studiovildnis.com\/index.php\/vi-tilbyder\/live-video-og-sessions\/\",\"url\":\"https:\/\/www.studiovildnis.com\/index.php\/vi-tilbyder\/live-video-og-sessions\/\",\"name\":\"Live Session - Studio Vildnis\",\"isPartOf\":{\"@id\":\"https:\/\/www.studiovildnis.com\/#website\"},\"primaryImageOfPage\":{\"@id\":\"https:\/\/www.studiovildnis.com\/index.php\/vi-tilbyder\/live-video-og-sessions\/#primaryimage\"},\"image\":{\"@id\":\"https:\/\/www.studiovildnis.com\/index.php\/vi-tilbyder\/live-video-og-sessions\/#primaryimage\"},\"thumbnailUrl\":\"https:\/\/www.studiovildnis.com\/wp-content\/uploads\/2026\/01\/2-scaled.jpg\",\"datePublished\":\"2024-02-27T02:28:35+00:00\",\"dateModified\":\"2026-01-16T22:58:04+00:00\",\"description\":\"P\u00e5 udkig efter en live session i stemningsfulde omgivelser? Vi producerer video sessions, hvor musik og mennesker m\u00f8des i et s\u00e6rligt \u00f8jeblik.\",\"breadcrumb\":{\"@id\":\"https:\/\/www.studiovildnis.com\/index.php\/vi-tilbyder\/live-video-og-sessions\/#breadcrumb\"},\"inLanguage\":\"da-DK\",\"potentialAction\":[{\"@type\":\"ReadAction\",\"target\":[\"https:\/\/www.studiovildnis.com\/index.php\/vi-tilbyder\/live-video-og-sessions\/\"]}]},{\"@type\":\"ImageObject\",\"inLanguage\":\"da-DK\",\"@id\":\"https:\/\/www.studiovildnis.com\/index.php\/vi-tilbyder\/live-video-og-sessions\/#primaryimage\",\"url\":\"https:\/\/www.studiovildnis.com\/wp-content\/uploads\/2026\/01\/2-scaled.jpg\",\"contentUrl\":\"https:\/\/www.studiovildnis.com\/wp-content\/uploads\/2026\/01\/2-scaled.jpg\",\"width\":2560,\"height\":1440,\"caption\":\"Processed with VSCO with a1 preset\"},{\"@type\":\"BreadcrumbList\",\"@id\":\"https:\/\/www.studiovildnis.com\/index.php\/vi-tilbyder\/live-video-og-sessions\/#breadcrumb\",\"itemListElement\":[{\"@type\":\"ListItem\",\"position\":1,\"name\":\"Hjem\",\"item\":\"https:\/\/www.studiovildnis.com\/\"},{\"@type\":\"ListItem\",\"position\":2,\"name\":\"Vi tilbyder\",\"item\":\"https:\/\/www.studiovildnis.com\/index.php\/vi-tilbyder\/\"},{\"@type\":\"ListItem\",\"position\":3,\"name\":\"Live Session\"}]},{\"@type\":\"WebSite\",\"@id\":\"https:\/\/www.studiovildnis.com\/#website\",\"url\":\"https:\/\/www.studiovildnis.com\/\",\"name\":\"Studio Vildnis\",\"description\":\"\",\"publisher\":{\"@id\":\"https:\/\/www.studiovildnis.com\/#organization\"},\"potentialAction\":[{\"@type\":\"SearchAction\",\"target\":{\"@type\":\"EntryPoint\",\"urlTemplate\":\"https:\/\/www.studiovildnis.com\/?s={search_term_string}\"},\"query-input\":{\"@type\":\"PropertyValueSpecification\",\"valueRequired\":true,\"valueName\":\"search_term_string\"}}],\"inLanguage\":\"da-DK\"},{\"@type\":\"Organization\",\"@id\":\"https:\/\/www.studiovildnis.com\/#organization\",\"name\":\"Studio Vildnis\",\"url\":\"https:\/\/www.studiovildnis.com\/\",\"logo\":{\"@type\":\"ImageObject\",\"inLanguage\":\"da-DK\",\"@id\":\"https:\/\/www.studiovildnis.com\/#\/schema\/logo\/image\/\",\"url\":\"https:\/\/www.studiovildnis.com\/wp-content\/uploads\/2024\/02\/vildnis.png\",\"contentUrl\":\"https:\/\/www.studiovildnis.com\/wp-content\/uploads\/2024\/02\/vildnis.png\",\"width\":2340,\"height\":516,\"caption\":\"Studio Vildnis\"},\"image\":{\"@id\":\"https:\/\/www.studiovildnis.com\/#\/schema\/logo\/image\/\"}}]}<\/script>\n<!-- \/ Yoast SEO plugin. -->","yoast_head_json":{"title":"Live Session - Studio Vildnis","description":"P\u00e5 udkig efter en live session i stemningsfulde omgivelser? Vi producerer video sessions, hvor musik og mennesker m\u00f8des i et s\u00e6rligt \u00f8jeblik.","robots":{"index":"index","follow":"follow","max-snippet":"max-snippet:-1","max-image-preview":"max-image-preview:large","max-video-preview":"max-video-preview:-1"},"canonical":"https:\/\/www.studiovildnis.com\/index.php\/vi-tilbyder\/live-video-og-sessions\/","og_locale":"da_DK","og_type":"article","og_title":"Live Session - Studio Vildnis","og_description":"P\u00e5 udkig efter en live session i stemningsfulde omgivelser? Vi producerer video sessions, hvor musik og mennesker m\u00f8des i et s\u00e6rligt \u00f8jeblik.","og_url":"https:\/\/www.studiovildnis.com\/index.php\/vi-tilbyder\/live-video-og-sessions\/","og_site_name":"Studio Vildnis","article_modified_time":"2026-01-16T22:58:04+00:00","og_image":[{"width":2560,"height":1440,"url":"https:\/\/www.studiovildnis.com\/wp-content\/uploads\/2026\/01\/2-scaled.jpg","type":"image\/jpeg"}],"twitter_card":"summary_large_image","twitter_misc":{"Estimeret l\u00e6setid":"4 minutter"},"schema":{"@context":"https:\/\/schema.org","@graph":[{"@type":"WebPage","@id":"https:\/\/www.studiovildnis.com\/index.php\/vi-tilbyder\/live-video-og-sessions\/","url":"https:\/\/www.studiovildnis.com\/index.php\/vi-tilbyder\/live-video-og-sessions\/","name":"Live Session - Studio Vildnis","isPartOf":{"@id":"https:\/\/www.studiovildnis.com\/#website"},"primaryImageOfPage":{"@id":"https:\/\/www.studiovildnis.com\/index.php\/vi-tilbyder\/live-video-og-sessions\/#primaryimage"},"image":{"@id":"https:\/\/www.studiovildnis.com\/index.php\/vi-tilbyder\/live-video-og-sessions\/#primaryimage"},"thumbnailUrl":"https:\/\/www.studiovildnis.com\/wp-content\/uploads\/2026\/01\/2-scaled.jpg","datePublished":"2024-02-27T02:28:35+00:00","dateModified":"2026-01-16T22:58:04+00:00","description":"P\u00e5 udkig efter en live session i stemningsfulde omgivelser? Vi producerer video sessions, hvor musik og mennesker m\u00f8des i et s\u00e6rligt \u00f8jeblik.","breadcrumb":{"@id":"https:\/\/www.studiovildnis.com\/index.php\/vi-tilbyder\/live-video-og-sessions\/#breadcrumb"},"inLanguage":"da-DK","potentialAction":[{"@type":"ReadAction","target":["https:\/\/www.studiovildnis.com\/index.php\/vi-tilbyder\/live-video-og-sessions\/"]}]},{"@type":"ImageObject","inLanguage":"da-DK","@id":"https:\/\/www.studiovildnis.com\/index.php\/vi-tilbyder\/live-video-og-sessions\/#primaryimage","url":"https:\/\/www.studiovildnis.com\/wp-content\/uploads\/2026\/01\/2-scaled.jpg","contentUrl":"https:\/\/www.studiovildnis.com\/wp-content\/uploads\/2026\/01\/2-scaled.jpg","width":2560,"height":1440,"caption":"Processed with VSCO with a1 preset"},{"@type":"BreadcrumbList","@id":"https:\/\/www.studiovildnis.com\/index.php\/vi-tilbyder\/live-video-og-sessions\/#breadcrumb","itemListElement":[{"@type":"ListItem","position":1,"name":"Hjem","item":"https:\/\/www.studiovildnis.com\/"},{"@type":"ListItem","position":2,"name":"Vi tilbyder","item":"https:\/\/www.studiovildnis.com\/index.php\/vi-tilbyder\/"},{"@type":"ListItem","position":3,"name":"Live Session"}]},{"@type":"WebSite","@id":"https:\/\/www.studiovildnis.com\/#website","url":"https:\/\/www.studiovildnis.com\/","name":"Studio Vildnis","description":"","publisher":{"@id":"https:\/\/www.studiovildnis.com\/#organization"},"potentialAction":[{"@type":"SearchAction","target":{"@type":"EntryPoint","urlTemplate":"https:\/\/www.studiovildnis.com\/?s={search_term_string}"},"query-input":{"@type":"PropertyValueSpecification","valueRequired":true,"valueName":"search_term_string"}}],"inLanguage":"da-DK"},{"@type":"Organization","@id":"https:\/\/www.studiovildnis.com\/#organization","name":"Studio Vildnis","url":"https:\/\/www.studiovildnis.com\/","logo":{"@type":"ImageObject","inLanguage":"da-DK","@id":"https:\/\/www.studiovildnis.com\/#\/schema\/logo\/image\/","url":"https:\/\/www.studiovildnis.com\/wp-content\/uploads\/2024\/02\/vildnis.png","contentUrl":"https:\/\/www.studiovildnis.com\/wp-content\/uploads\/2024\/02\/vildnis.png","width":2340,"height":516,"caption":"Studio Vildnis"},"image":{"@id":"https:\/\/www.studiovildnis.com\/#\/schema\/logo\/image\/"}}]}},"_links":{"self":[{"href":"https:\/\/www.studiovildnis.com\/index.php\/wp-json\/wp\/v2\/pages\/145","targetHints":{"allow":["GET"]}}],"collection":[{"href":"https:\/\/www.studiovildnis.com\/index.php\/wp-json\/wp\/v2\/pages"}],"about":[{"href":"https:\/\/www.studiovildnis.com\/index.php\/wp-json\/wp\/v2\/types\/page"}],"author":[{"embeddable":true,"href":"https:\/\/www.studiovildnis.com\/index.php\/wp-json\/wp\/v2\/users\/1"}],"replies":[{"embeddable":true,"href":"https:\/\/www.studiovildnis.com\/index.php\/wp-json\/wp\/v2\/comments?post=145"}],"version-history":[{"count":30,"href":"https:\/\/www.studiovildnis.com\/index.php\/wp-json\/wp\/v2\/pages\/145\/revisions"}],"predecessor-version":[{"id":504,"href":"https:\/\/www.studiovildnis.com\/index.php\/wp-json\/wp\/v2\/pages\/145\/revisions\/504"}],"up":[{"embeddable":true,"href":"https:\/\/www.studiovildnis.com\/index.php\/wp-json\/wp\/v2\/pages\/143"}],"wp:featuredmedia":[{"embeddable":true,"href":"https:\/\/www.studiovildnis.com\/index.php\/wp-json\/wp\/v2\/media\/440"}],"wp:attachment":[{"href":"https:\/\/www.studiovildnis.com\/index.php\/wp-json\/wp\/v2\/media?parent=145"}],"curies":[{"name":"wp","href":"https:\/\/api.w.org\/{rel}","templated":true}]}}