{"id":164,"date":"2024-02-27T03:49:44","date_gmt":"2024-02-27T02:49:44","guid":{"rendered":"https:\/\/www.studiovildnis.com\/?page_id=164"},"modified":"2026-01-19T10:06:01","modified_gmt":"2026-01-19T09:06:01","slug":"workshops-retreats-og-kurser","status":"publish","type":"page","link":"https:\/\/www.studiovildnis.com\/index.php\/vi-tilbyder\/workshops-retreats-og-kurser\/","title":{"rendered":"Workshops, Retreats og Kurser"},"content":{"rendered":"\n<div class=\"wp-block-cover alignfull\"><img loading=\"lazy\" decoding=\"async\" width=\"1024\" height=\"576\" class=\"wp-block-cover__image-background wp-image-405 size-large\" alt=\"Workshop i sansehaven ved Studio Vildnis\" src=\"https:\/\/www.studiovildnis.com\/wp-content\/uploads\/2026\/01\/20250730_1703590-1-1024x576.jpg\" style=\"object-position:50% 74%\" data-object-fit=\"cover\" data-object-position=\"50% 74%\" srcset=\"https:\/\/www.studiovildnis.com\/wp-content\/uploads\/2026\/01\/20250730_1703590-1-1024x576.jpg 1024w, https:\/\/www.studiovildnis.com\/wp-content\/uploads\/2026\/01\/20250730_1703590-1-300x169.jpg 300w, https:\/\/www.studiovildnis.com\/wp-content\/uploads\/2026\/01\/20250730_1703590-1-768x432.jpg 768w, https:\/\/www.studiovildnis.com\/wp-content\/uploads\/2026\/01\/20250730_1703590-1-1536x864.jpg 1536w, https:\/\/www.studiovildnis.com\/wp-content\/uploads\/2026\/01\/20250730_1703590-1-2048x1152.jpg 2048w\" sizes=\"auto, (max-width: 1024px) 100vw, 1024px\" \/><span aria-hidden=\"true\" class=\"wp-block-cover__background has-background-dim\" style=\"background-color:#757a76\"><\/span><div class=\"wp-block-cover__inner-container has-global-padding is-layout-constrained wp-block-cover-is-layout-constrained\">\n<h2 class=\"wp-block-heading has-text-align-center has-base-2-color has-text-color has-link-color has-x-large-font-size wp-elements-b7e99bb395203842921bbb88f9a84a99\"><em>Workshops, Retreats og Kurser<\/em><\/h2>\n<\/div><\/div>\n\n\n\n<figure class=\"wp-block-pullquote\"><blockquote><p>Vores lokaler er designet til at skabe en atmosf\u00e6re af ro og harmoni. Store vinduer \u00e5bner op for naturligt lys, og det store rum med h\u00f8jt til loftet er ideelt til fordybelse og indre balance.<\/p><\/blockquote><\/figure>\n\n\n\n<h3 class=\"wp-block-heading\">Natursk\u00f8nne omgivelser<\/h3>\n\n\n\n<p>Indrammet af betagende natur tilbyder Studio Vildnis et \u00e5ndehul v\u00e6k fra byens travlhed. Omkranset af skov og marker inviterer vi dig til at fordybe dig i den naturlige sk\u00f8nhed, der omgiver vores retr\u00e6te.<\/p>\n\n\n\n<h3 class=\"wp-block-heading\">Fleksibilitet<\/h3>\n\n\n\n<p>Skab dine egne oplevelser! Vores faciliteter tilbyder fleksible rammer, s\u00e5 du kan skr\u00e6ddersy dit arrangement. Uanset om det er et weekendretreat, en workshop eller et kursus, st\u00e5r vores lokaler klar.<\/p>\n\n\n\n<h3 class=\"wp-block-heading\">Naturbaserede events<\/h3>\n\n\n\n<p>Brug det natursk\u00f8nne omr\u00e5de omkring Studio Vildnis som en unik ramme for dine events. Skab mindev\u00e6rdige \u00f8jeblikke med koncerter, intime forestillinger eller workshops udend\u00f8rs. Vores faciliteter og den naturlige sk\u00f8nhed omkring os er det perfekte match til at give dine events en ekstraordin\u00e6r dimension. F\u00e5 dine g\u00e6ster til at fordybe sig i musik, kunst eller fysisk udfoldelse, og lad Studio Vildnis danne den smukke kulisse.<\/p>\n\n\n\n<figure class=\"wp-block-image size-large is-style-rounded is-style-rounded--1\"><img loading=\"lazy\" decoding=\"async\" width=\"1024\" height=\"575\" src=\"https:\/\/www.studiovildnis.com\/wp-content\/uploads\/2026\/01\/Undervisning-i-Fascial-Flow\u00ae-1-1024x575.jpg\" alt=\"\" class=\"wp-image-435\" srcset=\"https:\/\/www.studiovildnis.com\/wp-content\/uploads\/2026\/01\/Undervisning-i-Fascial-Flow\u00ae-1-1024x575.jpg 1024w, https:\/\/www.studiovildnis.com\/wp-content\/uploads\/2026\/01\/Undervisning-i-Fascial-Flow\u00ae-1-300x169.jpg 300w, https:\/\/www.studiovildnis.com\/wp-content\/uploads\/2026\/01\/Undervisning-i-Fascial-Flow\u00ae-1-768x432.jpg 768w, https:\/\/www.studiovildnis.com\/wp-content\/uploads\/2026\/01\/Undervisning-i-Fascial-Flow\u00ae-1-1536x863.jpg 1536w, https:\/\/www.studiovildnis.com\/wp-content\/uploads\/2026\/01\/Undervisning-i-Fascial-Flow\u00ae-1-2048x1151.jpg 2048w\" sizes=\"auto, (max-width: 1024px) 100vw, 1024px\" \/><\/figure>\n\n\n\n<figure class=\"wp-block-image size-large is-style-rounded is-style-rounded--2\"><img loading=\"lazy\" decoding=\"async\" width=\"1024\" height=\"576\" src=\"https:\/\/www.studiovildnis.com\/wp-content\/uploads\/2026\/01\/DSCF1378-2-1024x576.jpg\" alt=\"Workshop i Vildnis\" class=\"wp-image-411\" srcset=\"https:\/\/www.studiovildnis.com\/wp-content\/uploads\/2026\/01\/DSCF1378-2-1024x576.jpg 1024w, https:\/\/www.studiovildnis.com\/wp-content\/uploads\/2026\/01\/DSCF1378-2-300x169.jpg 300w, https:\/\/www.studiovildnis.com\/wp-content\/uploads\/2026\/01\/DSCF1378-2-768x432.jpg 768w, https:\/\/www.studiovildnis.com\/wp-content\/uploads\/2026\/01\/DSCF1378-2-1536x864.jpg 1536w, https:\/\/www.studiovildnis.com\/wp-content\/uploads\/2026\/01\/DSCF1378-2-2048x1152.jpg 2048w\" sizes=\"auto, (max-width: 1024px) 100vw, 1024px\" \/><\/figure>\n\n\n\n<div class=\"wp-block-group alignfull has-global-padding is-layout-constrained wp-container-core-group-is-layout-d89aad35 wp-block-group-is-layout-constrained\" style=\"margin-top:0;margin-bottom:0;padding-top:var(--wp--preset--spacing--50);padding-right:var(--wp--preset--spacing--50);padding-bottom:var(--wp--preset--spacing--50);padding-left:var(--wp--preset--spacing--50)\">\n<div class=\"wp-block-group alignwide has-base-2-background-color has-background has-global-padding is-layout-constrained wp-container-core-group-is-layout-39412042 wp-block-group-is-layout-constrained\" style=\"border-radius:16px;padding-top:var(--wp--preset--spacing--40);padding-right:var(--wp--preset--spacing--50);padding-bottom:var(--wp--preset--spacing--40);padding-left:var(--wp--preset--spacing--50)\">\n<div style=\"height:var(--wp--preset--spacing--10)\" aria-hidden=\"true\" class=\"wp-block-spacer\"><\/div>\n\n\n\n<h2 class=\"wp-block-heading has-text-align-center has-x-large-font-size\">Kontakt os for at h\u00f8re mere<\/h2>\n\n\n\n<p class=\"has-text-align-center\">Vi er klar til at svare p\u00e5 dine sp\u00f8rgsm\u00e5l.<\/p>\n\n\n<style id=\"wpforms-css-vars-root\">\n\t\t\t\t:root {\n\t\t\t\t\t--wpforms-field-border-radius: 3px;\n--wpforms-field-background-color: #ffffff;\n--wpforms-field-border-color: rgba( 0, 0, 0, 0.25 );\n--wpforms-field-text-color: rgba( 0, 0, 0, 0.7 );\n--wpforms-label-color: rgba( 0, 0, 0, 0.85 );\n--wpforms-label-sublabel-color: rgba( 0, 0, 0, 0.55 );\n--wpforms-label-error-color: #d63637;\n--wpforms-button-border-radius: 3px;\n--wpforms-button-background-color: #066aab;\n--wpforms-button-text-color: #ffffff;\n--wpforms-field-size-input-height: 43px;\n--wpforms-field-size-input-spacing: 15px;\n--wpforms-field-size-font-size: 16px;\n--wpforms-field-size-line-height: 19px;\n--wpforms-field-size-padding-h: 14px;\n--wpforms-field-size-checkbox-size: 16px;\n--wpforms-field-size-sublabel-spacing: 5px;\n--wpforms-field-size-icon-size: 1;\n--wpforms-label-size-font-size: 16px;\n--wpforms-label-size-line-height: 19px;\n--wpforms-label-size-sublabel-font-size: 14px;\n--wpforms-label-size-sublabel-line-height: 17px;\n--wpforms-button-size-font-size: 17px;\n--wpforms-button-size-height: 41px;\n--wpforms-button-size-padding-h: 15px;\n--wpforms-button-size-margin-top: 10px;\n\n\t\t\t\t}\n\t\t\t<\/style><style id=\"wpforms-css-vars-197-block-eb230b20-526a-42f9-99ab-d065f36d5e0b\">\n\t\t\t\t#wpforms-197.wpforms-block-eb230b20-526a-42f9-99ab-d065f36d5e0b {\n\t\t\t\t\t--wpforms-button-background-color: #111111;\n--wpforms-button-size-font-size: 20px;\n--wpforms-button-size-height: 48px;\n--wpforms-button-size-padding-h: 20px;\n--wpforms-button-size-margin-top: 15px;\n\n\t\t\t\t}\n\t\t\t<\/style><div class=\"wpforms-container wpforms-container-full wpforms-block wpforms-block-eb230b20-526a-42f9-99ab-d065f36d5e0b wpforms-render-modern\" id=\"wpforms-197\"><form id=\"wpforms-form-197\" class=\"wpforms-validate wpforms-form wpforms-ajax-form\" data-formid=\"197\" method=\"post\" enctype=\"multipart\/form-data\" action=\"\/index.php\/wp-json\/wp\/v2\/pages\/164\" data-token=\"6b03e24e169da31cb42cb4498b570ffd\"><noscript class=\"wpforms-error-noscript\">Please enable JavaScript in your browser to complete this form.<\/noscript><div class=\"wpforms-hidden\" id=\"wpforms-error-noscript\">Please enable JavaScript in your browser to complete this form.<\/div><div class=\"wpforms-field-container\"><div id=\"wpforms-197-field_0-container\" class=\"wpforms-field wpforms-field-name\" data-field-id=\"0\"><label class=\"wpforms-field-label\" for=\"wpforms-197-field_0\">Navn <span class=\"wpforms-required-label\" aria-hidden=\"true\">*<\/span><\/label><input type=\"text\" id=\"wpforms-197-field_0\" class=\"wpforms-field-medium wpforms-field-required\" name=\"wpforms[fields][0]\" aria-errormessage=\"wpforms-197-field_0-error\" required><\/div><div id=\"wpforms-197-field_1-container\" class=\"wpforms-field wpforms-field-email\" data-field-id=\"1\"><label class=\"wpforms-field-label\" for=\"wpforms-197-field_1\">Email <span class=\"wpforms-required-label\" aria-hidden=\"true\">*<\/span><\/label><input type=\"email\" id=\"wpforms-197-field_1\" class=\"wpforms-field-medium wpforms-field-required\" name=\"wpforms[fields][1]\" spellcheck=\"false\" aria-errormessage=\"wpforms-197-field_1-error\" required><\/div><div id=\"wpforms-197-field_2-container\" class=\"wpforms-field wpforms-field-textarea\" data-field-id=\"2\"><label class=\"wpforms-field-label\" for=\"wpforms-197-field_2\">Besked<\/label><textarea id=\"wpforms-197-field_2\" class=\"wpforms-field-medium\" name=\"wpforms[fields][2]\" aria-errormessage=\"wpforms-197-field_2-error\" ><\/textarea><\/div><\/div><!-- .wpforms-field-container --><div class=\"wpforms-submit-container\" ><input type=\"hidden\" name=\"wpforms[id]\" value=\"197\"><input type=\"hidden\" name=\"wpforms[author]\" value=\"1\"><button type=\"submit\" name=\"wpforms[submit]\" id=\"wpforms-submit-197\" class=\"wpforms-submit\" data-alt-text=\"Sender...\" data-submit-text=\"Send\" aria-live=\"assertive\" value=\"wpforms-submit\">Send<\/button><img loading=\"lazy\" decoding=\"async\" src=\"https:\/\/www.studiovildnis.com\/wp-content\/plugins\/wpforms-lite\/assets\/images\/submit-spin.svg\" class=\"wpforms-submit-spinner\" style=\"display: none;\" width=\"26\" height=\"26\" alt=\"Loading\"><\/div><\/form><\/div>  <!-- .wpforms-container -->\n\n\n<div style=\"height:var(--wp--preset--spacing--10)\" aria-hidden=\"true\" class=\"wp-block-spacer\"><\/div>\n<\/div>\n<\/div>\n","protected":false},"excerpt":{"rendered":"<p>Vores lokaler er designet til at skabe en atmosf\u00e6re af ro og harmoni. Store vinduer \u00e5bner op for naturligt lys, og det store rum med h\u00f8jt til loftet er ideelt til fordybelse og indre balance. Natursk\u00f8nne omgivelser Indrammet af betagende natur tilbyder Studio Vildnis et \u00e5ndehul v\u00e6k fra byens travlhed. Omkranset af skov og marker [&hellip;]<\/p>\n","protected":false},"author":1,"featured_media":0,"parent":143,"menu_order":0,"comment_status":"closed","ping_status":"closed","template":"page-no-title","meta":{"footnotes":""},"class_list":["post-164","page","type-page","status-publish","hentry"],"yoast_head":"<!-- This site is optimized with the Yoast SEO plugin v26.7 - https:\/\/yoast.com\/wordpress\/plugins\/seo\/ -->\n<title>Workshops, Retreats og Kurser - Studio Vildnis<\/title>\n<meta name=\"description\" content=\"Afhold workshops, retreats og kurser i rolige, natursk\u00f8nne omgivelser. Her er der plads til store armbev\u00e6gelser, fordybelse, natur og n\u00e6rv\u00e6r.\" \/>\n<meta name=\"robots\" content=\"index, follow, max-snippet:-1, max-image-preview:large, max-video-preview:-1\" \/>\n<link rel=\"canonical\" href=\"https:\/\/www.studiovildnis.com\/index.php\/vi-tilbyder\/workshops-retreats-og-kurser\/\" \/>\n<meta property=\"og:locale\" content=\"da_DK\" \/>\n<meta property=\"og:type\" content=\"article\" \/>\n<meta property=\"og:title\" content=\"Workshops, Retreats og Kurser - Studio Vildnis\" \/>\n<meta property=\"og:description\" content=\"Afhold workshops, retreats og kurser i rolige, natursk\u00f8nne omgivelser. Her er der plads til store armbev\u00e6gelser, fordybelse, natur og n\u00e6rv\u00e6r.\" \/>\n<meta property=\"og:url\" content=\"https:\/\/www.studiovildnis.com\/index.php\/vi-tilbyder\/workshops-retreats-og-kurser\/\" \/>\n<meta property=\"og:site_name\" content=\"Studio Vildnis\" \/>\n<meta property=\"article:modified_time\" content=\"2026-01-19T09:06:01+00:00\" \/>\n<meta property=\"og:image\" content=\"https:\/\/www.studiovildnis.com\/wp-content\/uploads\/2026\/01\/20250730_1703590-1-scaled.jpg\" \/>\n\t<meta property=\"og:image:width\" content=\"2560\" \/>\n\t<meta property=\"og:image:height\" content=\"1440\" \/>\n\t<meta property=\"og:image:type\" content=\"image\/jpeg\" \/>\n<meta name=\"twitter:card\" content=\"summary_large_image\" \/>\n<meta name=\"twitter:label1\" content=\"Estimeret l\u00e6setid\" \/>\n\t<meta name=\"twitter:data1\" content=\"2 minutter\" \/>\n<script type=\"application\/ld+json\" class=\"yoast-schema-graph\">{\"@context\":\"https:\/\/schema.org\",\"@graph\":[{\"@type\":\"WebPage\",\"@id\":\"https:\/\/www.studiovildnis.com\/index.php\/vi-tilbyder\/workshops-retreats-og-kurser\/\",\"url\":\"https:\/\/www.studiovildnis.com\/index.php\/vi-tilbyder\/workshops-retreats-og-kurser\/\",\"name\":\"Workshops, Retreats og Kurser - Studio Vildnis\",\"isPartOf\":{\"@id\":\"https:\/\/www.studiovildnis.com\/#website\"},\"primaryImageOfPage\":{\"@id\":\"https:\/\/www.studiovildnis.com\/index.php\/vi-tilbyder\/workshops-retreats-og-kurser\/#primaryimage\"},\"image\":{\"@id\":\"https:\/\/www.studiovildnis.com\/index.php\/vi-tilbyder\/workshops-retreats-og-kurser\/#primaryimage\"},\"thumbnailUrl\":\"https:\/\/www.studiovildnis.com\/wp-content\/uploads\/2026\/01\/20250730_1703590-1-1024x576.jpg\",\"datePublished\":\"2024-02-27T02:49:44+00:00\",\"dateModified\":\"2026-01-19T09:06:01+00:00\",\"description\":\"Afhold workshops, retreats og kurser i rolige, natursk\u00f8nne omgivelser. Her er der plads til store armbev\u00e6gelser, fordybelse, natur og n\u00e6rv\u00e6r.\",\"breadcrumb\":{\"@id\":\"https:\/\/www.studiovildnis.com\/index.php\/vi-tilbyder\/workshops-retreats-og-kurser\/#breadcrumb\"},\"inLanguage\":\"da-DK\",\"potentialAction\":[{\"@type\":\"ReadAction\",\"target\":[\"https:\/\/www.studiovildnis.com\/index.php\/vi-tilbyder\/workshops-retreats-og-kurser\/\"]}]},{\"@type\":\"ImageObject\",\"inLanguage\":\"da-DK\",\"@id\":\"https:\/\/www.studiovildnis.com\/index.php\/vi-tilbyder\/workshops-retreats-og-kurser\/#primaryimage\",\"url\":\"https:\/\/www.studiovildnis.com\/wp-content\/uploads\/2026\/01\/20250730_1703590-1-scaled.jpg\",\"contentUrl\":\"https:\/\/www.studiovildnis.com\/wp-content\/uploads\/2026\/01\/20250730_1703590-1-scaled.jpg\",\"width\":2560,\"height\":1440,\"caption\":\"Workshop i sansehaven ved Studio Vildnis\"},{\"@type\":\"BreadcrumbList\",\"@id\":\"https:\/\/www.studiovildnis.com\/index.php\/vi-tilbyder\/workshops-retreats-og-kurser\/#breadcrumb\",\"itemListElement\":[{\"@type\":\"ListItem\",\"position\":1,\"name\":\"Hjem\",\"item\":\"https:\/\/www.studiovildnis.com\/\"},{\"@type\":\"ListItem\",\"position\":2,\"name\":\"Vi tilbyder\",\"item\":\"https:\/\/www.studiovildnis.com\/index.php\/vi-tilbyder\/\"},{\"@type\":\"ListItem\",\"position\":3,\"name\":\"Workshops, Retreats og Kurser\"}]},{\"@type\":\"WebSite\",\"@id\":\"https:\/\/www.studiovildnis.com\/#website\",\"url\":\"https:\/\/www.studiovildnis.com\/\",\"name\":\"Studio Vildnis\",\"description\":\"\",\"publisher\":{\"@id\":\"https:\/\/www.studiovildnis.com\/#organization\"},\"potentialAction\":[{\"@type\":\"SearchAction\",\"target\":{\"@type\":\"EntryPoint\",\"urlTemplate\":\"https:\/\/www.studiovildnis.com\/?s={search_term_string}\"},\"query-input\":{\"@type\":\"PropertyValueSpecification\",\"valueRequired\":true,\"valueName\":\"search_term_string\"}}],\"inLanguage\":\"da-DK\"},{\"@type\":\"Organization\",\"@id\":\"https:\/\/www.studiovildnis.com\/#organization\",\"name\":\"Studio Vildnis\",\"url\":\"https:\/\/www.studiovildnis.com\/\",\"logo\":{\"@type\":\"ImageObject\",\"inLanguage\":\"da-DK\",\"@id\":\"https:\/\/www.studiovildnis.com\/#\/schema\/logo\/image\/\",\"url\":\"https:\/\/www.studiovildnis.com\/wp-content\/uploads\/2024\/02\/vildnis.png\",\"contentUrl\":\"https:\/\/www.studiovildnis.com\/wp-content\/uploads\/2024\/02\/vildnis.png\",\"width\":2340,\"height\":516,\"caption\":\"Studio Vildnis\"},\"image\":{\"@id\":\"https:\/\/www.studiovildnis.com\/#\/schema\/logo\/image\/\"}}]}<\/script>\n<!-- \/ Yoast SEO plugin. -->","yoast_head_json":{"title":"Workshops, Retreats og Kurser - Studio Vildnis","description":"Afhold workshops, retreats og kurser i rolige, natursk\u00f8nne omgivelser. Her er der plads til store armbev\u00e6gelser, fordybelse, natur og n\u00e6rv\u00e6r.","robots":{"index":"index","follow":"follow","max-snippet":"max-snippet:-1","max-image-preview":"max-image-preview:large","max-video-preview":"max-video-preview:-1"},"canonical":"https:\/\/www.studiovildnis.com\/index.php\/vi-tilbyder\/workshops-retreats-og-kurser\/","og_locale":"da_DK","og_type":"article","og_title":"Workshops, Retreats og Kurser - Studio Vildnis","og_description":"Afhold workshops, retreats og kurser i rolige, natursk\u00f8nne omgivelser. Her er der plads til store armbev\u00e6gelser, fordybelse, natur og n\u00e6rv\u00e6r.","og_url":"https:\/\/www.studiovildnis.com\/index.php\/vi-tilbyder\/workshops-retreats-og-kurser\/","og_site_name":"Studio Vildnis","article_modified_time":"2026-01-19T09:06:01+00:00","og_image":[{"width":2560,"height":1440,"url":"https:\/\/www.studiovildnis.com\/wp-content\/uploads\/2026\/01\/20250730_1703590-1-scaled.jpg","type":"image\/jpeg"}],"twitter_card":"summary_large_image","twitter_misc":{"Estimeret l\u00e6setid":"2 minutter"},"schema":{"@context":"https:\/\/schema.org","@graph":[{"@type":"WebPage","@id":"https:\/\/www.studiovildnis.com\/index.php\/vi-tilbyder\/workshops-retreats-og-kurser\/","url":"https:\/\/www.studiovildnis.com\/index.php\/vi-tilbyder\/workshops-retreats-og-kurser\/","name":"Workshops, Retreats og Kurser - Studio Vildnis","isPartOf":{"@id":"https:\/\/www.studiovildnis.com\/#website"},"primaryImageOfPage":{"@id":"https:\/\/www.studiovildnis.com\/index.php\/vi-tilbyder\/workshops-retreats-og-kurser\/#primaryimage"},"image":{"@id":"https:\/\/www.studiovildnis.com\/index.php\/vi-tilbyder\/workshops-retreats-og-kurser\/#primaryimage"},"thumbnailUrl":"https:\/\/www.studiovildnis.com\/wp-content\/uploads\/2026\/01\/20250730_1703590-1-1024x576.jpg","datePublished":"2024-02-27T02:49:44+00:00","dateModified":"2026-01-19T09:06:01+00:00","description":"Afhold workshops, retreats og kurser i rolige, natursk\u00f8nne omgivelser. Her er der plads til store armbev\u00e6gelser, fordybelse, natur og n\u00e6rv\u00e6r.","breadcrumb":{"@id":"https:\/\/www.studiovildnis.com\/index.php\/vi-tilbyder\/workshops-retreats-og-kurser\/#breadcrumb"},"inLanguage":"da-DK","potentialAction":[{"@type":"ReadAction","target":["https:\/\/www.studiovildnis.com\/index.php\/vi-tilbyder\/workshops-retreats-og-kurser\/"]}]},{"@type":"ImageObject","inLanguage":"da-DK","@id":"https:\/\/www.studiovildnis.com\/index.php\/vi-tilbyder\/workshops-retreats-og-kurser\/#primaryimage","url":"https:\/\/www.studiovildnis.com\/wp-content\/uploads\/2026\/01\/20250730_1703590-1-scaled.jpg","contentUrl":"https:\/\/www.studiovildnis.com\/wp-content\/uploads\/2026\/01\/20250730_1703590-1-scaled.jpg","width":2560,"height":1440,"caption":"Workshop i sansehaven ved Studio Vildnis"},{"@type":"BreadcrumbList","@id":"https:\/\/www.studiovildnis.com\/index.php\/vi-tilbyder\/workshops-retreats-og-kurser\/#breadcrumb","itemListElement":[{"@type":"ListItem","position":1,"name":"Hjem","item":"https:\/\/www.studiovildnis.com\/"},{"@type":"ListItem","position":2,"name":"Vi tilbyder","item":"https:\/\/www.studiovildnis.com\/index.php\/vi-tilbyder\/"},{"@type":"ListItem","position":3,"name":"Workshops, Retreats og Kurser"}]},{"@type":"WebSite","@id":"https:\/\/www.studiovildnis.com\/#website","url":"https:\/\/www.studiovildnis.com\/","name":"Studio Vildnis","description":"","publisher":{"@id":"https:\/\/www.studiovildnis.com\/#organization"},"potentialAction":[{"@type":"SearchAction","target":{"@type":"EntryPoint","urlTemplate":"https:\/\/www.studiovildnis.com\/?s={search_term_string}"},"query-input":{"@type":"PropertyValueSpecification","valueRequired":true,"valueName":"search_term_string"}}],"inLanguage":"da-DK"},{"@type":"Organization","@id":"https:\/\/www.studiovildnis.com\/#organization","name":"Studio Vildnis","url":"https:\/\/www.studiovildnis.com\/","logo":{"@type":"ImageObject","inLanguage":"da-DK","@id":"https:\/\/www.studiovildnis.com\/#\/schema\/logo\/image\/","url":"https:\/\/www.studiovildnis.com\/wp-content\/uploads\/2024\/02\/vildnis.png","contentUrl":"https:\/\/www.studiovildnis.com\/wp-content\/uploads\/2024\/02\/vildnis.png","width":2340,"height":516,"caption":"Studio Vildnis"},"image":{"@id":"https:\/\/www.studiovildnis.com\/#\/schema\/logo\/image\/"}}]}},"_links":{"self":[{"href":"https:\/\/www.studiovildnis.com\/index.php\/wp-json\/wp\/v2\/pages\/164","targetHints":{"allow":["GET"]}}],"collection":[{"href":"https:\/\/www.studiovildnis.com\/index.php\/wp-json\/wp\/v2\/pages"}],"about":[{"href":"https:\/\/www.studiovildnis.com\/index.php\/wp-json\/wp\/v2\/types\/page"}],"author":[{"embeddable":true,"href":"https:\/\/www.studiovildnis.com\/index.php\/wp-json\/wp\/v2\/users\/1"}],"replies":[{"embeddable":true,"href":"https:\/\/www.studiovildnis.com\/index.php\/wp-json\/wp\/v2\/comments?post=164"}],"version-history":[{"count":19,"href":"https:\/\/www.studiovildnis.com\/index.php\/wp-json\/wp\/v2\/pages\/164\/revisions"}],"predecessor-version":[{"id":491,"href":"https:\/\/www.studiovildnis.com\/index.php\/wp-json\/wp\/v2\/pages\/164\/revisions\/491"}],"up":[{"embeddable":true,"href":"https:\/\/www.studiovildnis.com\/index.php\/wp-json\/wp\/v2\/pages\/143"}],"wp:attachment":[{"href":"https:\/\/www.studiovildnis.com\/index.php\/wp-json\/wp\/v2\/media?parent=164"}],"curies":[{"name":"wp","href":"https:\/\/api.w.org\/{rel}","templated":true}]}}