{"id":269,"date":"2024-02-28T04:20:21","date_gmt":"2024-02-28T03:20:21","guid":{"rendered":"https:\/\/www.studiovildnis.com\/?page_id=269"},"modified":"2024-02-29T04:43:51","modified_gmt":"2024-02-29T03:43:51","slug":"musikvideoer","status":"publish","type":"page","link":"https:\/\/www.studiovildnis.com\/index.php\/vi-tilbyder\/musikvideoer\/","title":{"rendered":"Musikvideoer"},"content":{"rendered":"\n<div class=\"wp-block-cover alignfull\"><span aria-hidden=\"true\" class=\"wp-block-cover__background has-background-dim\"><\/span><img loading=\"lazy\" decoding=\"async\" width=\"1920\" height=\"1080\" class=\"wp-block-cover__image-background wp-image-251\" alt=\"\" src=\"https:\/\/www.studiovildnis.com\/wp-content\/uploads\/2024\/02\/vildnis-videosession.jpg\" style=\"object-position:52% 25%\" data-object-fit=\"cover\" data-object-position=\"52% 25%\" srcset=\"https:\/\/www.studiovildnis.com\/wp-content\/uploads\/2024\/02\/vildnis-videosession.jpg 1920w, https:\/\/www.studiovildnis.com\/wp-content\/uploads\/2024\/02\/vildnis-videosession-300x169.jpg 300w, https:\/\/www.studiovildnis.com\/wp-content\/uploads\/2024\/02\/vildnis-videosession-1024x576.jpg 1024w, https:\/\/www.studiovildnis.com\/wp-content\/uploads\/2024\/02\/vildnis-videosession-768x432.jpg 768w, https:\/\/www.studiovildnis.com\/wp-content\/uploads\/2024\/02\/vildnis-videosession-1536x864.jpg 1536w\" sizes=\"auto, (max-width: 1920px) 100vw, 1920px\" \/><div class=\"wp-block-cover__inner-container has-global-padding is-layout-constrained wp-block-cover-is-layout-constrained\">\n<h2 class=\"wp-block-heading has-text-align-center has-base-2-color has-text-color has-link-color has-large-font-size wp-elements-d7e81505ed5328a09294649af75e6ca5\"><em>Musikvideoer<\/em><\/h2>\n<\/div><\/div>\n\n\n\n<div style=\"height:100px\" aria-hidden=\"true\" class=\"wp-block-spacer\"><\/div>\n\n\n\n<p>Giv din n\u00e6ste single liv med en unik musikvideo. Vi har mange \u00e5rs erfaring med at skabe anderledes, kunstneriske og humoristiske musikvideoer. Lad os sammen skabe en visuel fort\u00e6lling, der ikke kun forst\u00e6rker din musik, men ogs\u00e5 formidler din kunstneriske vision p\u00e5 en helt s\u00e6rlig m\u00e5de. Kontakt os, hvis du er interesseret i et samarbejde.\u00a0<\/p>\n\n\n\n<div style=\"height:100px\" aria-hidden=\"true\" class=\"wp-block-spacer\"><\/div>\n\n\n\n<h3 class=\"wp-block-heading\">Eksempler<\/h3>\n\n\n\n<figure class=\"wp-block-embed is-type-video is-provider-youtube wp-block-embed-youtube wp-embed-aspect-16-9 wp-has-aspect-ratio\"><div class=\"wp-block-embed__wrapper\">\n<iframe loading=\"lazy\" title=\"Wild Forest - &quot;How to Breathe&quot; (Official Video)\" width=\"500\" height=\"281\" src=\"https:\/\/www.youtube.com\/embed\/WC-M-60V36w?feature=oembed\" frameborder=\"0\" allow=\"accelerometer; autoplay; clipboard-write; encrypted-media; gyroscope; picture-in-picture; web-share\" referrerpolicy=\"strict-origin-when-cross-origin\" allowfullscreen><\/iframe>\n<\/div><\/figure>\n\n\n\n<figure class=\"wp-block-embed is-type-video is-provider-youtube wp-block-embed-youtube wp-embed-aspect-16-9 wp-has-aspect-ratio\"><div class=\"wp-block-embed__wrapper\">\n<iframe loading=\"lazy\" title=\"The Bridges - Daydreamers (Official Video)\" width=\"500\" height=\"281\" src=\"https:\/\/www.youtube.com\/embed\/OlzhxFWbiLc?feature=oembed\" frameborder=\"0\" allow=\"accelerometer; autoplay; clipboard-write; encrypted-media; gyroscope; picture-in-picture; web-share\" referrerpolicy=\"strict-origin-when-cross-origin\" allowfullscreen><\/iframe>\n<\/div><\/figure>\n\n\n\n<figure class=\"wp-block-embed is-type-video is-provider-youtube wp-block-embed-youtube wp-embed-aspect-16-9 wp-has-aspect-ratio\"><div class=\"wp-block-embed__wrapper\">\n<iframe loading=\"lazy\" title=\"The Bridges - Untouchable\" width=\"500\" height=\"281\" src=\"https:\/\/www.youtube.com\/embed\/l2c03hSLnqU?feature=oembed\" frameborder=\"0\" allow=\"accelerometer; autoplay; clipboard-write; encrypted-media; gyroscope; picture-in-picture; web-share\" referrerpolicy=\"strict-origin-when-cross-origin\" allowfullscreen><\/iframe>\n<\/div><\/figure>\n\n\n\n<figure class=\"wp-block-embed is-type-video is-provider-youtube wp-block-embed-youtube wp-embed-aspect-16-9 wp-has-aspect-ratio\"><div class=\"wp-block-embed__wrapper\">\n<iframe loading=\"lazy\" title=\"Lukas Vanggaard - Rumskrald (musikvideo)\" width=\"500\" height=\"281\" src=\"https:\/\/www.youtube.com\/embed\/Ji3Urc5kYM0?feature=oembed\" frameborder=\"0\" allow=\"accelerometer; autoplay; clipboard-write; encrypted-media; gyroscope; picture-in-picture; web-share\" referrerpolicy=\"strict-origin-when-cross-origin\" allowfullscreen><\/iframe>\n<\/div><\/figure>\n\n\n\n<figure class=\"wp-block-embed is-type-video is-provider-youtube wp-block-embed-youtube wp-embed-aspect-16-9 wp-has-aspect-ratio\"><div class=\"wp-block-embed__wrapper\">\n<iframe loading=\"lazy\" title=\"Lukas Vanggaard - Arrivederci (musikvideo)\" width=\"500\" height=\"281\" src=\"https:\/\/www.youtube.com\/embed\/qhev9ZRKqSg?feature=oembed\" frameborder=\"0\" allow=\"accelerometer; autoplay; clipboard-write; encrypted-media; gyroscope; picture-in-picture; web-share\" referrerpolicy=\"strict-origin-when-cross-origin\" allowfullscreen><\/iframe>\n<\/div><\/figure>\n\n\n\n<div class=\"wp-block-group alignfull has-global-padding is-layout-constrained wp-container-core-group-is-layout-d89aad35 wp-block-group-is-layout-constrained\" style=\"margin-top:0;margin-bottom:0;padding-top:var(--wp--preset--spacing--50);padding-right:var(--wp--preset--spacing--50);padding-bottom:var(--wp--preset--spacing--50);padding-left:var(--wp--preset--spacing--50)\">\n<div class=\"wp-block-group alignwide has-base-2-background-color has-background has-global-padding is-layout-constrained wp-container-core-group-is-layout-39412042 wp-block-group-is-layout-constrained\" style=\"border-radius:16px;padding-top:var(--wp--preset--spacing--40);padding-right:var(--wp--preset--spacing--50);padding-bottom:var(--wp--preset--spacing--40);padding-left:var(--wp--preset--spacing--50)\">\n<div style=\"height:var(--wp--preset--spacing--10)\" aria-hidden=\"true\" class=\"wp-block-spacer\"><\/div>\n\n\n\n<h2 class=\"wp-block-heading has-text-align-center has-x-large-font-size\">Kontakt os for at h\u00f8re mere<\/h2>\n\n\n\n<p class=\"has-text-align-center\">Vi er klar til at svare p\u00e5 dine sp\u00f8rgsm\u00e5l.<\/p>\n\n\n<style id=\"wpforms-css-vars-root\">\n\t\t\t\t:root {\n\t\t\t\t\t--wpforms-field-border-radius: 3px;\n--wpforms-field-background-color: #ffffff;\n--wpforms-field-border-color: rgba( 0, 0, 0, 0.25 );\n--wpforms-field-text-color: rgba( 0, 0, 0, 0.7 );\n--wpforms-label-color: rgba( 0, 0, 0, 0.85 );\n--wpforms-label-sublabel-color: rgba( 0, 0, 0, 0.55 );\n--wpforms-label-error-color: #d63637;\n--wpforms-button-border-radius: 3px;\n--wpforms-button-background-color: #066aab;\n--wpforms-button-text-color: #ffffff;\n--wpforms-field-size-input-height: 43px;\n--wpforms-field-size-input-spacing: 15px;\n--wpforms-field-size-font-size: 16px;\n--wpforms-field-size-line-height: 19px;\n--wpforms-field-size-padding-h: 14px;\n--wpforms-field-size-checkbox-size: 16px;\n--wpforms-field-size-sublabel-spacing: 5px;\n--wpforms-field-size-icon-size: 1;\n--wpforms-label-size-font-size: 16px;\n--wpforms-label-size-line-height: 19px;\n--wpforms-label-size-sublabel-font-size: 14px;\n--wpforms-label-size-sublabel-line-height: 17px;\n--wpforms-button-size-font-size: 17px;\n--wpforms-button-size-height: 41px;\n--wpforms-button-size-padding-h: 15px;\n--wpforms-button-size-margin-top: 10px;\n\n\t\t\t\t}\n\t\t\t<\/style><style id=\"wpforms-css-vars-197-block-eb230b20-526a-42f9-99ab-d065f36d5e0b\">\n\t\t\t\t#wpforms-197.wpforms-block-eb230b20-526a-42f9-99ab-d065f36d5e0b {\n\t\t\t\t\t--wpforms-button-background-color: #111111;\n--wpforms-button-size-font-size: 20px;\n--wpforms-button-size-height: 48px;\n--wpforms-button-size-padding-h: 20px;\n--wpforms-button-size-margin-top: 15px;\n\n\t\t\t\t}\n\t\t\t<\/style><div class=\"wpforms-container wpforms-container-full wpforms-block wpforms-block-eb230b20-526a-42f9-99ab-d065f36d5e0b wpforms-render-modern\" id=\"wpforms-197\"><form id=\"wpforms-form-197\" class=\"wpforms-validate wpforms-form wpforms-ajax-form\" data-formid=\"197\" method=\"post\" enctype=\"multipart\/form-data\" action=\"\/index.php\/wp-json\/wp\/v2\/pages\/269\" data-token=\"8f25e9ba2fbb1a6d480dce7fc39c6c6b\"><noscript class=\"wpforms-error-noscript\">Please enable JavaScript in your browser to complete this form.<\/noscript><div class=\"wpforms-hidden\" id=\"wpforms-error-noscript\">Please enable JavaScript in your browser to complete this form.<\/div><div class=\"wpforms-field-container\"><div id=\"wpforms-197-field_0-container\" class=\"wpforms-field wpforms-field-name\" data-field-id=\"0\"><label class=\"wpforms-field-label\" for=\"wpforms-197-field_0\">Navn <span class=\"wpforms-required-label\" aria-hidden=\"true\">*<\/span><\/label><input type=\"text\" id=\"wpforms-197-field_0\" class=\"wpforms-field-medium wpforms-field-required\" name=\"wpforms[fields][0]\" aria-errormessage=\"wpforms-197-field_0-error\" required><\/div><div id=\"wpforms-197-field_1-container\" class=\"wpforms-field wpforms-field-email\" data-field-id=\"1\"><label class=\"wpforms-field-label\" for=\"wpforms-197-field_1\">Email <span class=\"wpforms-required-label\" aria-hidden=\"true\">*<\/span><\/label><input type=\"email\" id=\"wpforms-197-field_1\" class=\"wpforms-field-medium wpforms-field-required\" name=\"wpforms[fields][1]\" spellcheck=\"false\" aria-errormessage=\"wpforms-197-field_1-error\" required><\/div><div id=\"wpforms-197-field_2-container\" class=\"wpforms-field wpforms-field-textarea\" data-field-id=\"2\"><label class=\"wpforms-field-label\" for=\"wpforms-197-field_2\">Besked<\/label><textarea id=\"wpforms-197-field_2\" class=\"wpforms-field-medium\" name=\"wpforms[fields][2]\" aria-errormessage=\"wpforms-197-field_2-error\" ><\/textarea><\/div><\/div><!-- .wpforms-field-container --><div class=\"wpforms-submit-container\" ><input type=\"hidden\" name=\"wpforms[id]\" value=\"197\"><input type=\"hidden\" name=\"wpforms[author]\" value=\"1\"><button type=\"submit\" name=\"wpforms[submit]\" id=\"wpforms-submit-197\" class=\"wpforms-submit\" data-alt-text=\"Sender...\" data-submit-text=\"Send\" aria-live=\"assertive\" value=\"wpforms-submit\">Send<\/button><img loading=\"lazy\" decoding=\"async\" src=\"https:\/\/www.studiovildnis.com\/wp-content\/plugins\/wpforms-lite\/assets\/images\/submit-spin.svg\" class=\"wpforms-submit-spinner\" style=\"display: none;\" width=\"26\" height=\"26\" alt=\"Loading\"><\/div><\/form><\/div>  <!-- .wpforms-container -->\n\n\n<div style=\"height:var(--wp--preset--spacing--10)\" aria-hidden=\"true\" class=\"wp-block-spacer\"><\/div>\n<\/div>\n<\/div>\n","protected":false},"excerpt":{"rendered":"<p>Giv din n\u00e6ste single liv med en unik musikvideo. Vi har mange \u00e5rs erfaring med at skabe anderledes, kunstneriske og humoristiske musikvideoer. Lad os sammen skabe en visuel fort\u00e6lling, der ikke kun forst\u00e6rker din musik, men ogs\u00e5 formidler din kunstneriske vision p\u00e5 en helt s\u00e6rlig m\u00e5de. Kontakt os, hvis du er interesseret i et samarbejde.\u00a0 [&hellip;]<\/p>\n","protected":false},"author":1,"featured_media":0,"parent":143,"menu_order":0,"comment_status":"closed","ping_status":"closed","template":"page-no-title","meta":{"footnotes":""},"class_list":["post-269","page","type-page","status-publish","hentry"],"yoast_head":"<!-- This site is optimized with the Yoast SEO plugin v26.7 - https:\/\/yoast.com\/wordpress\/plugins\/seo\/ -->\n<title>Musikvideoer - Studio Vildnis<\/title>\n<meta name=\"robots\" content=\"index, follow, max-snippet:-1, max-image-preview:large, max-video-preview:-1\" \/>\n<link rel=\"canonical\" href=\"https:\/\/www.studiovildnis.com\/index.php\/vi-tilbyder\/musikvideoer\/\" \/>\n<meta property=\"og:locale\" content=\"da_DK\" \/>\n<meta property=\"og:type\" content=\"article\" \/>\n<meta property=\"og:title\" content=\"Musikvideoer - Studio Vildnis\" \/>\n<meta property=\"og:description\" content=\"Giv din n\u00e6ste single liv med en unik musikvideo. Vi har mange \u00e5rs erfaring med at skabe anderledes, kunstneriske og humoristiske musikvideoer. Lad os sammen skabe en visuel fort\u00e6lling, der ikke kun forst\u00e6rker din musik, men ogs\u00e5 formidler din kunstneriske vision p\u00e5 en helt s\u00e6rlig m\u00e5de. Kontakt os, hvis du er interesseret i et samarbejde.\u00a0 [&hellip;]\" \/>\n<meta property=\"og:url\" content=\"https:\/\/www.studiovildnis.com\/index.php\/vi-tilbyder\/musikvideoer\/\" \/>\n<meta property=\"og:site_name\" content=\"Studio Vildnis\" \/>\n<meta property=\"article:modified_time\" content=\"2024-02-29T03:43:51+00:00\" \/>\n<meta property=\"og:image\" content=\"https:\/\/www.studiovildnis.com\/wp-content\/uploads\/2024\/02\/vildnis-videosession.jpg\" \/>\n\t<meta property=\"og:image:width\" content=\"1920\" \/>\n\t<meta property=\"og:image:height\" content=\"1080\" \/>\n\t<meta property=\"og:image:type\" content=\"image\/jpeg\" \/>\n<meta name=\"twitter:card\" content=\"summary_large_image\" \/>\n<meta name=\"twitter:label1\" content=\"Estimeret l\u00e6setid\" \/>\n\t<meta name=\"twitter:data1\" content=\"1 minut\" \/>\n<script type=\"application\/ld+json\" class=\"yoast-schema-graph\">{\"@context\":\"https:\/\/schema.org\",\"@graph\":[{\"@type\":\"WebPage\",\"@id\":\"https:\/\/www.studiovildnis.com\/index.php\/vi-tilbyder\/musikvideoer\/\",\"url\":\"https:\/\/www.studiovildnis.com\/index.php\/vi-tilbyder\/musikvideoer\/\",\"name\":\"Musikvideoer - Studio Vildnis\",\"isPartOf\":{\"@id\":\"https:\/\/www.studiovildnis.com\/#website\"},\"primaryImageOfPage\":{\"@id\":\"https:\/\/www.studiovildnis.com\/index.php\/vi-tilbyder\/musikvideoer\/#primaryimage\"},\"image\":{\"@id\":\"https:\/\/www.studiovildnis.com\/index.php\/vi-tilbyder\/musikvideoer\/#primaryimage\"},\"thumbnailUrl\":\"https:\/\/www.studiovildnis.com\/wp-content\/uploads\/2024\/02\/vildnis-videosession.jpg\",\"datePublished\":\"2024-02-28T03:20:21+00:00\",\"dateModified\":\"2024-02-29T03:43:51+00:00\",\"breadcrumb\":{\"@id\":\"https:\/\/www.studiovildnis.com\/index.php\/vi-tilbyder\/musikvideoer\/#breadcrumb\"},\"inLanguage\":\"da-DK\",\"potentialAction\":[{\"@type\":\"ReadAction\",\"target\":[\"https:\/\/www.studiovildnis.com\/index.php\/vi-tilbyder\/musikvideoer\/\"]}]},{\"@type\":\"ImageObject\",\"inLanguage\":\"da-DK\",\"@id\":\"https:\/\/www.studiovildnis.com\/index.php\/vi-tilbyder\/musikvideoer\/#primaryimage\",\"url\":\"https:\/\/www.studiovildnis.com\/wp-content\/uploads\/2024\/02\/vildnis-videosession.jpg\",\"contentUrl\":\"https:\/\/www.studiovildnis.com\/wp-content\/uploads\/2024\/02\/vildnis-videosession.jpg\",\"width\":1920,\"height\":1080},{\"@type\":\"BreadcrumbList\",\"@id\":\"https:\/\/www.studiovildnis.com\/index.php\/vi-tilbyder\/musikvideoer\/#breadcrumb\",\"itemListElement\":[{\"@type\":\"ListItem\",\"position\":1,\"name\":\"Hjem\",\"item\":\"https:\/\/www.studiovildnis.com\/\"},{\"@type\":\"ListItem\",\"position\":2,\"name\":\"Vi tilbyder\",\"item\":\"https:\/\/www.studiovildnis.com\/index.php\/vi-tilbyder\/\"},{\"@type\":\"ListItem\",\"position\":3,\"name\":\"Musikvideoer\"}]},{\"@type\":\"WebSite\",\"@id\":\"https:\/\/www.studiovildnis.com\/#website\",\"url\":\"https:\/\/www.studiovildnis.com\/\",\"name\":\"Studio Vildnis\",\"description\":\"\",\"publisher\":{\"@id\":\"https:\/\/www.studiovildnis.com\/#organization\"},\"potentialAction\":[{\"@type\":\"SearchAction\",\"target\":{\"@type\":\"EntryPoint\",\"urlTemplate\":\"https:\/\/www.studiovildnis.com\/?s={search_term_string}\"},\"query-input\":{\"@type\":\"PropertyValueSpecification\",\"valueRequired\":true,\"valueName\":\"search_term_string\"}}],\"inLanguage\":\"da-DK\"},{\"@type\":\"Organization\",\"@id\":\"https:\/\/www.studiovildnis.com\/#organization\",\"name\":\"Studio Vildnis\",\"url\":\"https:\/\/www.studiovildnis.com\/\",\"logo\":{\"@type\":\"ImageObject\",\"inLanguage\":\"da-DK\",\"@id\":\"https:\/\/www.studiovildnis.com\/#\/schema\/logo\/image\/\",\"url\":\"https:\/\/www.studiovildnis.com\/wp-content\/uploads\/2024\/02\/vildnis.png\",\"contentUrl\":\"https:\/\/www.studiovildnis.com\/wp-content\/uploads\/2024\/02\/vildnis.png\",\"width\":2340,\"height\":516,\"caption\":\"Studio Vildnis\"},\"image\":{\"@id\":\"https:\/\/www.studiovildnis.com\/#\/schema\/logo\/image\/\"}}]}<\/script>\n<!-- \/ Yoast SEO plugin. -->","yoast_head_json":{"title":"Musikvideoer - Studio Vildnis","robots":{"index":"index","follow":"follow","max-snippet":"max-snippet:-1","max-image-preview":"max-image-preview:large","max-video-preview":"max-video-preview:-1"},"canonical":"https:\/\/www.studiovildnis.com\/index.php\/vi-tilbyder\/musikvideoer\/","og_locale":"da_DK","og_type":"article","og_title":"Musikvideoer - Studio Vildnis","og_description":"Giv din n\u00e6ste single liv med en unik musikvideo. Vi har mange \u00e5rs erfaring med at skabe anderledes, kunstneriske og humoristiske musikvideoer. Lad os sammen skabe en visuel fort\u00e6lling, der ikke kun forst\u00e6rker din musik, men ogs\u00e5 formidler din kunstneriske vision p\u00e5 en helt s\u00e6rlig m\u00e5de. Kontakt os, hvis du er interesseret i et samarbejde.\u00a0 [&hellip;]","og_url":"https:\/\/www.studiovildnis.com\/index.php\/vi-tilbyder\/musikvideoer\/","og_site_name":"Studio Vildnis","article_modified_time":"2024-02-29T03:43:51+00:00","og_image":[{"width":1920,"height":1080,"url":"https:\/\/www.studiovildnis.com\/wp-content\/uploads\/2024\/02\/vildnis-videosession.jpg","type":"image\/jpeg"}],"twitter_card":"summary_large_image","twitter_misc":{"Estimeret l\u00e6setid":"1 minut"},"schema":{"@context":"https:\/\/schema.org","@graph":[{"@type":"WebPage","@id":"https:\/\/www.studiovildnis.com\/index.php\/vi-tilbyder\/musikvideoer\/","url":"https:\/\/www.studiovildnis.com\/index.php\/vi-tilbyder\/musikvideoer\/","name":"Musikvideoer - Studio Vildnis","isPartOf":{"@id":"https:\/\/www.studiovildnis.com\/#website"},"primaryImageOfPage":{"@id":"https:\/\/www.studiovildnis.com\/index.php\/vi-tilbyder\/musikvideoer\/#primaryimage"},"image":{"@id":"https:\/\/www.studiovildnis.com\/index.php\/vi-tilbyder\/musikvideoer\/#primaryimage"},"thumbnailUrl":"https:\/\/www.studiovildnis.com\/wp-content\/uploads\/2024\/02\/vildnis-videosession.jpg","datePublished":"2024-02-28T03:20:21+00:00","dateModified":"2024-02-29T03:43:51+00:00","breadcrumb":{"@id":"https:\/\/www.studiovildnis.com\/index.php\/vi-tilbyder\/musikvideoer\/#breadcrumb"},"inLanguage":"da-DK","potentialAction":[{"@type":"ReadAction","target":["https:\/\/www.studiovildnis.com\/index.php\/vi-tilbyder\/musikvideoer\/"]}]},{"@type":"ImageObject","inLanguage":"da-DK","@id":"https:\/\/www.studiovildnis.com\/index.php\/vi-tilbyder\/musikvideoer\/#primaryimage","url":"https:\/\/www.studiovildnis.com\/wp-content\/uploads\/2024\/02\/vildnis-videosession.jpg","contentUrl":"https:\/\/www.studiovildnis.com\/wp-content\/uploads\/2024\/02\/vildnis-videosession.jpg","width":1920,"height":1080},{"@type":"BreadcrumbList","@id":"https:\/\/www.studiovildnis.com\/index.php\/vi-tilbyder\/musikvideoer\/#breadcrumb","itemListElement":[{"@type":"ListItem","position":1,"name":"Hjem","item":"https:\/\/www.studiovildnis.com\/"},{"@type":"ListItem","position":2,"name":"Vi tilbyder","item":"https:\/\/www.studiovildnis.com\/index.php\/vi-tilbyder\/"},{"@type":"ListItem","position":3,"name":"Musikvideoer"}]},{"@type":"WebSite","@id":"https:\/\/www.studiovildnis.com\/#website","url":"https:\/\/www.studiovildnis.com\/","name":"Studio Vildnis","description":"","publisher":{"@id":"https:\/\/www.studiovildnis.com\/#organization"},"potentialAction":[{"@type":"SearchAction","target":{"@type":"EntryPoint","urlTemplate":"https:\/\/www.studiovildnis.com\/?s={search_term_string}"},"query-input":{"@type":"PropertyValueSpecification","valueRequired":true,"valueName":"search_term_string"}}],"inLanguage":"da-DK"},{"@type":"Organization","@id":"https:\/\/www.studiovildnis.com\/#organization","name":"Studio Vildnis","url":"https:\/\/www.studiovildnis.com\/","logo":{"@type":"ImageObject","inLanguage":"da-DK","@id":"https:\/\/www.studiovildnis.com\/#\/schema\/logo\/image\/","url":"https:\/\/www.studiovildnis.com\/wp-content\/uploads\/2024\/02\/vildnis.png","contentUrl":"https:\/\/www.studiovildnis.com\/wp-content\/uploads\/2024\/02\/vildnis.png","width":2340,"height":516,"caption":"Studio Vildnis"},"image":{"@id":"https:\/\/www.studiovildnis.com\/#\/schema\/logo\/image\/"}}]}},"_links":{"self":[{"href":"https:\/\/www.studiovildnis.com\/index.php\/wp-json\/wp\/v2\/pages\/269","targetHints":{"allow":["GET"]}}],"collection":[{"href":"https:\/\/www.studiovildnis.com\/index.php\/wp-json\/wp\/v2\/pages"}],"about":[{"href":"https:\/\/www.studiovildnis.com\/index.php\/wp-json\/wp\/v2\/types\/page"}],"author":[{"embeddable":true,"href":"https:\/\/www.studiovildnis.com\/index.php\/wp-json\/wp\/v2\/users\/1"}],"replies":[{"embeddable":true,"href":"https:\/\/www.studiovildnis.com\/index.php\/wp-json\/wp\/v2\/comments?post=269"}],"version-history":[{"count":5,"href":"https:\/\/www.studiovildnis.com\/index.php\/wp-json\/wp\/v2\/pages\/269\/revisions"}],"predecessor-version":[{"id":275,"href":"https:\/\/www.studiovildnis.com\/index.php\/wp-json\/wp\/v2\/pages\/269\/revisions\/275"}],"up":[{"embeddable":true,"href":"https:\/\/www.studiovildnis.com\/index.php\/wp-json\/wp\/v2\/pages\/143"}],"wp:attachment":[{"href":"https:\/\/www.studiovildnis.com\/index.php\/wp-json\/wp\/v2\/media?parent=269"}],"curies":[{"name":"wp","href":"https:\/\/api.w.org\/{rel}","templated":true}]}}